{"id":428,"date":"2015-08-16T06:54:38","date_gmt":"2015-08-16T06:54:38","guid":{"rendered":"http:\/\/www.waldhaus-bettmeralp.ch\/?page_id=428"},"modified":"2023-09-22T07:27:20","modified_gmt":"2023-09-22T07:27:20","slug":"gutscheine","status":"publish","type":"page","link":"https:\/\/www.waldhaus-bettmeralp.ch\/fr\/kontakt\/gutscheine\/","title":{"rendered":"Gutscheine"},"content":{"rendered":"<div class=\"fusion-fullwidth fullwidth-box fusion-builder-row-1 nonhundred-percent-fullwidth non-hundred-percent-height-scrolling\" style=\"background-color: rgba(255,255,255,0);background-position: left top;background-repeat: no-repeat;padding-top:20px;padding-right:0px;padding-bottom:20px;padding-left:0px;margin-bottom: 0px;margin-top: 0px;border-width: 0px 0px 0px 0px;border-color:#eae9e9;border-style:solid;\" ><div class=\"fusion-builder-row fusion-row\"><div class=\"fusion-layout-column fusion_builder_column fusion-builder-column-0 fusion_builder_column_1_1 1_1 fusion-one-full fusion-column-first fusion-column-last fusion-column-no-min-height\" style=\"margin-top:0px;margin-bottom:0px;\"><div class=\"fusion-column-wrapper fusion-flex-column-wrapper-legacy\" style=\"background-position:left top;background-repeat:no-repeat;-webkit-background-size:cover;-moz-background-size:cover;-o-background-size:cover;background-size:cover;padding: 0px 0px 0px 0px;\"><div class=\"fusion-text fusion-text-1\"><p style=\"letter-spacing: 4px; font-size: 13px; text-align: center; margin-bottom: 0px;\">Waldhaus zum Verschenken<\/p>\n<h1 style=\"text-align: center;\">Gutscheine<\/h1>\n<\/div><div class=\"fusion-clearfix\"><\/div><\/div><\/div><div class=\"fusion-layout-column fusion_builder_column fusion-builder-column-1 fusion_builder_column_3_5 3_5 fusion-three-fifth fusion-column-first\" style=\"width:58.4%; margin-right: 4%;margin-top:0px;margin-bottom:20px;\"><div class=\"fusion-column-wrapper fusion-flex-column-wrapper-legacy\" style=\"background-position:left top;background-repeat:no-repeat;-webkit-background-size:cover;-moz-background-size:cover;-o-background-size:cover;background-size:cover;padding: 0px 0px 0px 0px;\"><div class=\"fusion-text fusion-text-2\"><h2>GUTSCHEINE SCHENKEN \u2013 FREUDE BEREITEN<\/h2>\n<h4>Sie sind noch auf der Suche nach dem passenden Geschenk?!<br \/>\nEgal ob Sie einen Geburtstag vergessen haben oder die Feiertage stehen pl\u00f6tzlich vor der T\u00fcr?<\/h4>\n<h4 data-fontsize=\"26\" data-lineheight=\"44\"><span style=\"color: #892d87;\">Dann haben wir genau das Richtige f\u00fcr Sie: Verschenken Sie Erholung im Waldhaus!<\/span><\/h4>\n<p><strong>Bestellen Sie den Gutschein per <a href=\"mailto:info@waldhaus-bettmeralp.ch\">info@waldhaus-bettmeralp.ch<\/a> oder +41 27 927 27 17<\/strong><\/p>\n<p><strong>Versand:&nbsp;<\/strong><\/p>\n<p>print@home: Die bestellten Gutscheine erhalten Sie umgehend als PDF-Dokument, und k\u00f6nnen diese sofort selber ausdrucken.<\/p>\n<p>Postversand: Haben Sie etwas mehr Zeit, dann schicken wir Ihnen den Gutschein in Kartenform per Post zu.<\/p>\n<div><strong>&nbsp;Bezahlung:<\/strong> Die Gutscheinen k\u00f6nne Sie per Bank\u00fcberweisung bezahlen.<\/div>\n<\/div><div class=\"fusion-clearfix\"><\/div><\/div><\/div><div class=\"fusion-layout-column fusion_builder_column fusion-builder-column-2 fusion_builder_column_1_3 1_3 fusion-one-third\" style=\"width:30.6666%; margin-right: 4%;margin-top:0px;margin-bottom:20px;\"><div class=\"fusion-column-wrapper fusion-flex-column-wrapper-legacy\" style=\"background-position:left top;background-repeat:no-repeat;-webkit-background-size:cover;-moz-background-size:cover;-o-background-size:cover;background-size:cover;padding: 0px 0px 0px 0px;\"><span class=\" fusion-imageframe imageframe-none imageframe-1 hover-type-none\"><img decoding=\"async\" width=\"1024\" height=\"683\" title=\"Cozy H\u00e4ngematte\" src=\"https:\/\/www.waldhaus-bettmeralp.ch\/wp-content\/uploads\/2023\/07\/Cozy-Haengematte-1024x683.jpg\" class=\"img-responsive wp-image-6803\" srcset=\"https:\/\/www.waldhaus-bettmeralp.ch\/wp-content\/uploads\/2023\/07\/Cozy-Haengematte-200x133.jpg 200w, https:\/\/www.waldhaus-bettmeralp.ch\/wp-content\/uploads\/2023\/07\/Cozy-Haengematte-400x267.jpg 400w, https:\/\/www.waldhaus-bettmeralp.ch\/wp-content\/uploads\/2023\/07\/Cozy-Haengematte-600x400.jpg 600w, https:\/\/www.waldhaus-bettmeralp.ch\/wp-content\/uploads\/2023\/07\/Cozy-Haengematte-800x533.jpg 800w, https:\/\/www.waldhaus-bettmeralp.ch\/wp-content\/uploads\/2023\/07\/Cozy-Haengematte-1200x800.jpg 1200w\" sizes=\"(max-width: 800px) 100vw, 400px\" \/><\/span><div class=\"fusion-clearfix\"><\/div><\/div><\/div><\/div><\/div>\n","protected":false},"excerpt":{"rendered":"","protected":false},"author":1,"featured_media":0,"parent":405,"menu_order":0,"comment_status":"open","ping_status":"open","template":"","meta":{"ngg_post_thumbnail":0,"footnotes":""},"class_list":["post-428","page","type-page","status-publish","hentry"],"yoast_head":"<!-- This site is optimized with the Yoast SEO plugin v27.3 - https:\/\/yoast.com\/product\/yoast-seo-wordpress\/ -->\n<title>Gutscheine - Waldh\u00fcs Gfl\u00fcschter<\/title>\n<meta name=\"description\" content=\"Gutscheine verschenken und Freude bereiten. Schenken Sie Ihren Freunden oder Bekannten ein St\u00fcck Waldhaus.\" \/>\n<meta name=\"robots\" content=\"index, follow, max-snippet:-1, max-image-preview:large, max-video-preview:-1\" \/>\n<link rel=\"canonical\" href=\"https:\/\/www.waldhaus-bettmeralp.ch\/kontakt\/gutscheine\/\" \/>\n<meta property=\"og:locale\" content=\"fr_FR\" \/>\n<meta property=\"og:type\" content=\"article\" \/>\n<meta property=\"og:title\" content=\"Gutscheine - Waldh\u00fcs Gfl\u00fcschter\" \/>\n<meta property=\"og:description\" content=\"Gutscheine verschenken und Freude bereiten. Schenken Sie Ihren Freunden oder Bekannten ein St\u00fcck Waldhaus.\" \/>\n<meta property=\"og:url\" content=\"https:\/\/www.waldhaus-bettmeralp.ch\/kontakt\/gutscheine\/\" \/>\n<meta property=\"og:site_name\" content=\"Waldh\u00fcs Gfl\u00fcschter\" \/>\n<meta property=\"article:publisher\" content=\"https:\/\/www.facebook.com\/FerienhotelWaldhaus\" \/>\n<meta property=\"article:modified_time\" content=\"2023-09-22T07:27:20+00:00\" \/>\n<meta name=\"twitter:card\" content=\"summary_large_image\" \/>\n<meta name=\"twitter:site\" content=\"@Hotel_Waldhaus\" \/>\n<meta name=\"twitter:label1\" content=\"Dur\u00e9e de lecture estim\u00e9e\" \/>\n\t<meta name=\"twitter:data1\" content=\"3 minutes\" \/>\n<script type=\"application\/ld+json\" class=\"yoast-schema-graph\">{\"@context\":\"https:\\\/\\\/schema.org\",\"@graph\":[{\"@type\":\"WebPage\",\"@id\":\"https:\\\/\\\/www.waldhaus-bettmeralp.ch\\\/kontakt\\\/gutscheine\\\/\",\"url\":\"https:\\\/\\\/www.waldhaus-bettmeralp.ch\\\/kontakt\\\/gutscheine\\\/\",\"name\":\"Gutscheine - Waldh\u00fcs Gfl\u00fcschter\",\"isPartOf\":{\"@id\":\"https:\\\/\\\/www.waldhaus-bettmeralp.ch\\\/en\\\/#website\"},\"datePublished\":\"2015-08-16T06:54:38+00:00\",\"dateModified\":\"2023-09-22T07:27:20+00:00\",\"description\":\"Gutscheine verschenken und Freude bereiten. Schenken Sie Ihren Freunden oder Bekannten ein St\u00fcck Waldhaus.\",\"breadcrumb\":{\"@id\":\"https:\\\/\\\/www.waldhaus-bettmeralp.ch\\\/kontakt\\\/gutscheine\\\/#breadcrumb\"},\"inLanguage\":\"fr-FR\",\"potentialAction\":[{\"@type\":\"ReadAction\",\"target\":[\"https:\\\/\\\/www.waldhaus-bettmeralp.ch\\\/kontakt\\\/gutscheine\\\/\"]}]},{\"@type\":\"BreadcrumbList\",\"@id\":\"https:\\\/\\\/www.waldhaus-bettmeralp.ch\\\/kontakt\\\/gutscheine\\\/#breadcrumb\",\"itemListElement\":[{\"@type\":\"ListItem\",\"position\":1,\"name\":\"Home\",\"item\":\"https:\\\/\\\/www.waldhaus-bettmeralp.ch\\\/fr\\\/\"},{\"@type\":\"ListItem\",\"position\":2,\"name\":\"Kontakt &#038; \u00d6ffnungszeiten\",\"item\":\"https:\\\/\\\/www.waldhaus-bettmeralp.ch\\\/kontakt\\\/\"},{\"@type\":\"ListItem\",\"position\":3,\"name\":\"Gutscheine\"}]},{\"@type\":\"WebSite\",\"@id\":\"https:\\\/\\\/www.waldhaus-bettmeralp.ch\\\/en\\\/#website\",\"url\":\"https:\\\/\\\/www.waldhaus-bettmeralp.ch\\\/en\\\/\",\"name\":\"Waldh\u00fcs Gfl\u00fcschter\",\"description\":\"Hotel &amp; Restaurant Waldhaus in der Aletsch Arena\",\"publisher\":{\"@id\":\"https:\\\/\\\/www.waldhaus-bettmeralp.ch\\\/en\\\/#organization\"},\"potentialAction\":[{\"@type\":\"SearchAction\",\"target\":{\"@type\":\"EntryPoint\",\"urlTemplate\":\"https:\\\/\\\/www.waldhaus-bettmeralp.ch\\\/en\\\/?s={search_term_string}\"},\"query-input\":{\"@type\":\"PropertyValueSpecification\",\"valueRequired\":true,\"valueName\":\"search_term_string\"}}],\"inLanguage\":\"fr-FR\"},{\"@type\":\"Organization\",\"@id\":\"https:\\\/\\\/www.waldhaus-bettmeralp.ch\\\/en\\\/#organization\",\"name\":\"Hotel & Restaurant Waldhaus\",\"url\":\"https:\\\/\\\/www.waldhaus-bettmeralp.ch\\\/en\\\/\",\"logo\":{\"@type\":\"ImageObject\",\"inLanguage\":\"fr-FR\",\"@id\":\"https:\\\/\\\/www.waldhaus-bettmeralp.ch\\\/en\\\/#\\\/schema\\\/logo\\\/image\\\/\",\"url\":\"https:\\\/\\\/www.waldhaus-bettmeralp.ch\\\/wp-content\\\/uploads\\\/2015\\\/08\\\/Logo-W-neu--scaled.jpg\",\"contentUrl\":\"https:\\\/\\\/www.waldhaus-bettmeralp.ch\\\/wp-content\\\/uploads\\\/2015\\\/08\\\/Logo-W-neu--scaled.jpg\",\"width\":2560,\"height\":1506,\"caption\":\"Hotel & Restaurant Waldhaus\"},\"image\":{\"@id\":\"https:\\\/\\\/www.waldhaus-bettmeralp.ch\\\/en\\\/#\\\/schema\\\/logo\\\/image\\\/\"},\"sameAs\":[\"https:\\\/\\\/www.facebook.com\\\/FerienhotelWaldhaus\",\"https:\\\/\\\/x.com\\\/Hotel_Waldhaus\",\"https:\\\/\\\/instagram.com\\\/hotel_waldhaus\\\/\",\"https:\\\/\\\/de.pinterest.com\\\/hotelwaldhaus\\\/\"]}]}<\/script>\n<!-- \/ Yoast SEO plugin. -->","yoast_head_json":{"title":"Gutscheine - Waldh\u00fcs Gfl\u00fcschter","description":"Gutscheine verschenken und Freude bereiten. Schenken Sie Ihren Freunden oder Bekannten ein St\u00fcck Waldhaus.","robots":{"index":"index","follow":"follow","max-snippet":"max-snippet:-1","max-image-preview":"max-image-preview:large","max-video-preview":"max-video-preview:-1"},"canonical":"https:\/\/www.waldhaus-bettmeralp.ch\/kontakt\/gutscheine\/","og_locale":"fr_FR","og_type":"article","og_title":"Gutscheine - Waldh\u00fcs Gfl\u00fcschter","og_description":"Gutscheine verschenken und Freude bereiten. Schenken Sie Ihren Freunden oder Bekannten ein St\u00fcck Waldhaus.","og_url":"https:\/\/www.waldhaus-bettmeralp.ch\/kontakt\/gutscheine\/","og_site_name":"Waldh\u00fcs Gfl\u00fcschter","article_publisher":"https:\/\/www.facebook.com\/FerienhotelWaldhaus","article_modified_time":"2023-09-22T07:27:20+00:00","twitter_card":"summary_large_image","twitter_site":"@Hotel_Waldhaus","twitter_misc":{"Dur\u00e9e de lecture estim\u00e9e":"3 minutes"},"schema":{"@context":"https:\/\/schema.org","@graph":[{"@type":"WebPage","@id":"https:\/\/www.waldhaus-bettmeralp.ch\/kontakt\/gutscheine\/","url":"https:\/\/www.waldhaus-bettmeralp.ch\/kontakt\/gutscheine\/","name":"Gutscheine - Waldh\u00fcs Gfl\u00fcschter","isPartOf":{"@id":"https:\/\/www.waldhaus-bettmeralp.ch\/en\/#website"},"datePublished":"2015-08-16T06:54:38+00:00","dateModified":"2023-09-22T07:27:20+00:00","description":"Gutscheine verschenken und Freude bereiten. Schenken Sie Ihren Freunden oder Bekannten ein St\u00fcck Waldhaus.","breadcrumb":{"@id":"https:\/\/www.waldhaus-bettmeralp.ch\/kontakt\/gutscheine\/#breadcrumb"},"inLanguage":"fr-FR","potentialAction":[{"@type":"ReadAction","target":["https:\/\/www.waldhaus-bettmeralp.ch\/kontakt\/gutscheine\/"]}]},{"@type":"BreadcrumbList","@id":"https:\/\/www.waldhaus-bettmeralp.ch\/kontakt\/gutscheine\/#breadcrumb","itemListElement":[{"@type":"ListItem","position":1,"name":"Home","item":"https:\/\/www.waldhaus-bettmeralp.ch\/fr\/"},{"@type":"ListItem","position":2,"name":"Kontakt &#038; \u00d6ffnungszeiten","item":"https:\/\/www.waldhaus-bettmeralp.ch\/kontakt\/"},{"@type":"ListItem","position":3,"name":"Gutscheine"}]},{"@type":"WebSite","@id":"https:\/\/www.waldhaus-bettmeralp.ch\/en\/#website","url":"https:\/\/www.waldhaus-bettmeralp.ch\/en\/","name":"Waldh\u00fcs Gfl\u00fcschter","description":"Hotel &amp; Restaurant Waldhaus in der Aletsch Arena","publisher":{"@id":"https:\/\/www.waldhaus-bettmeralp.ch\/en\/#organization"},"potentialAction":[{"@type":"SearchAction","target":{"@type":"EntryPoint","urlTemplate":"https:\/\/www.waldhaus-bettmeralp.ch\/en\/?s={search_term_string}"},"query-input":{"@type":"PropertyValueSpecification","valueRequired":true,"valueName":"search_term_string"}}],"inLanguage":"fr-FR"},{"@type":"Organization","@id":"https:\/\/www.waldhaus-bettmeralp.ch\/en\/#organization","name":"Hotel & Restaurant Waldhaus","url":"https:\/\/www.waldhaus-bettmeralp.ch\/en\/","logo":{"@type":"ImageObject","inLanguage":"fr-FR","@id":"https:\/\/www.waldhaus-bettmeralp.ch\/en\/#\/schema\/logo\/image\/","url":"https:\/\/www.waldhaus-bettmeralp.ch\/wp-content\/uploads\/2015\/08\/Logo-W-neu--scaled.jpg","contentUrl":"https:\/\/www.waldhaus-bettmeralp.ch\/wp-content\/uploads\/2015\/08\/Logo-W-neu--scaled.jpg","width":2560,"height":1506,"caption":"Hotel & Restaurant Waldhaus"},"image":{"@id":"https:\/\/www.waldhaus-bettmeralp.ch\/en\/#\/schema\/logo\/image\/"},"sameAs":["https:\/\/www.facebook.com\/FerienhotelWaldhaus","https:\/\/x.com\/Hotel_Waldhaus","https:\/\/instagram.com\/hotel_waldhaus\/","https:\/\/de.pinterest.com\/hotelwaldhaus\/"]}]}},"_links":{"self":[{"href":"https:\/\/www.waldhaus-bettmeralp.ch\/fr\/wp-json\/wp\/v2\/pages\/428","targetHints":{"allow":["GET"]}}],"collection":[{"href":"https:\/\/www.waldhaus-bettmeralp.ch\/fr\/wp-json\/wp\/v2\/pages"}],"about":[{"href":"https:\/\/www.waldhaus-bettmeralp.ch\/fr\/wp-json\/wp\/v2\/types\/page"}],"author":[{"embeddable":true,"href":"https:\/\/www.waldhaus-bettmeralp.ch\/fr\/wp-json\/wp\/v2\/users\/1"}],"replies":[{"embeddable":true,"href":"https:\/\/www.waldhaus-bettmeralp.ch\/fr\/wp-json\/wp\/v2\/comments?post=428"}],"version-history":[{"count":10,"href":"https:\/\/www.waldhaus-bettmeralp.ch\/fr\/wp-json\/wp\/v2\/pages\/428\/revisions"}],"predecessor-version":[{"id":6828,"href":"https:\/\/www.waldhaus-bettmeralp.ch\/fr\/wp-json\/wp\/v2\/pages\/428\/revisions\/6828"}],"up":[{"embeddable":true,"href":"https:\/\/www.waldhaus-bettmeralp.ch\/fr\/wp-json\/wp\/v2\/pages\/405"}],"wp:attachment":[{"href":"https:\/\/www.waldhaus-bettmeralp.ch\/fr\/wp-json\/wp\/v2\/media?parent=428"}],"curies":[{"name":"wp","href":"https:\/\/api.w.org\/{rel}","templated":true}]}}