{"id":1694,"date":"2015-08-16T06:27:35","date_gmt":"2015-08-16T06:27:35","guid":{"rendered":"http:\/\/www.waldhaus-bettmeralp.ch\/feel-free-2\/kaminzimmer\/"},"modified":"2017-06-03T09:34:42","modified_gmt":"2017-06-03T09:34:42","slug":"salon","status":"publish","type":"page","link":"https:\/\/www.waldhaus-bettmeralp.ch\/fr\/liberte\/salon\/","title":{"rendered":"Salon"},"content":{"rendered":"<p><div class=\"fusion-fullwidth fullwidth-box fusion-builder-row-1 hundred-percent-fullwidth non-hundred-percent-height-scrolling\" style=\"background-color: rgba(255,255,255,0);background-position: center center;background-repeat: no-repeat;padding-top:0px;padding-right:0px;padding-bottom:0px;padding-left:0px;margin-bottom: 0px;margin-top: 0px;border-width: 0px 0px 0px 0px;border-color:#eae9e9;border-style:solid;\" ><div class=\"fusion-builder-row fusion-row\"><div class=\"fusion-layout-column fusion_builder_column fusion-builder-column-0 fusion_builder_column_1_1 1_1 fusion-one-full fusion-column-first fusion-column-last fusion-column-no-min-height\" style=\"margin-top:0px;margin-bottom:0px;\"><div class=\"fusion-column-wrapper fusion-flex-column-wrapper-legacy\" style=\"background-position:left top;background-repeat:no-repeat;-webkit-background-size:cover;-moz-background-size:cover;-o-background-size:cover;background-size:cover;padding: 0px 0px 0px 0px;\"><div class=\"fusion-text fusion-text-1\"><p style=\"letter-spacing: 4px; font-size: 13px; text-align: center; margin-bottom: 0px;\">Feel Free au Waldhaus<\/p>\n<h1 style=\"text-align: center;\">Salon<\/h1>\n<\/div><div class=\"fusion-clearfix\"><\/div><\/div><\/div><\/div><style type=\"text\/css\">.fusion-fullwidth.fusion-builder-row-1 { overflow:visible; }<\/style><\/div><div class=\"fusion-fullwidth fullwidth-box fusion-builder-row-2 nonhundred-percent-fullwidth non-hundred-percent-height-scrolling\" style=\"background-color: rgba(255,255,255,0);background-position: left top;background-repeat: no-repeat;padding-top:20px;padding-right:0px;padding-bottom:20px;padding-left:0px;margin-bottom: 0px;margin-top: 0px;border-width: 0px 0px 0px 0px;border-color:#eae9e9;border-style:solid;\" ><div class=\"fusion-builder-row fusion-row\"><div class=\"fusion-layout-column fusion_builder_column fusion-builder-column-1 fusion_builder_column_1_3 1_3 fusion-one-third fusion-column-first\" style=\"width:30.6666%; margin-right: 4%;margin-top:0px;margin-bottom:20px;\"><div class=\"fusion-column-wrapper fusion-flex-column-wrapper-legacy\" style=\"background-position:left top;background-repeat:no-repeat;-webkit-background-size:cover;-moz-background-size:cover;-o-background-size:cover;background-size:cover;padding: 0px 0px 0px 0px;\"><div class=\"fusion-text fusion-text-2\"><h2><strong>Le salon\u00a0: un espace chaleureux au coin du feu\u00a0!<\/strong><\/h2>\n<p>\u00ab Si je me sens mal, je ne vais pas \u00e0 la pharmacie, mais chez mon libraire. \u00bb Philippe Dijan<\/p>\n<p>La chaleur de la chemin\u00e9e, une biblioth\u00e8que pleine d\u2019histoires qui n\u2019attendent que vous et la vue sur les montagnes\u00a0majestueuses! Ici vous pourrez boire une tisane au coin du feu et vous plonger dans un livre captivant.<\/p>\n<\/div><div class=\"fusion-clearfix\"><\/div><\/div><\/div><div class=\"fusion-layout-column fusion_builder_column fusion-builder-column-2 fusion_builder_column_2_3 2_3 fusion-two-third fusion-column-last\" style=\"width:65.3333%;margin-top:0px;margin-bottom:20px;\"><div class=\"fusion-column-wrapper fusion-flex-column-wrapper-legacy\" style=\"background-position:left top;background-repeat:no-repeat;-webkit-background-size:cover;-moz-background-size:cover;-o-background-size:cover;background-size:cover;padding: 0px 0px 0px 0px;\"><span class=\" fusion-imageframe imageframe-none imageframe-1 hover-type-none\"><img decoding=\"async\" alt=\"Kaminzimmer mit Chemin\u00e9e\" src=\"http:\/\/www.waldhaus-bettmeralp.ch\/wp-content\/uploads\/2015\/08\/Kaminzimmer.jpg\" class=\"img-responsive\"\/><\/span><div class=\"fusion-clearfix\"><\/div><\/div><\/div><\/div><\/div><\/p>\n","protected":false},"excerpt":{"rendered":"","protected":false},"author":1,"featured_media":0,"parent":1690,"menu_order":1,"comment_status":"closed","ping_status":"closed","template":"","meta":{"ngg_post_thumbnail":0,"footnotes":""},"class_list":["post-1694","page","type-page","status-publish","hentry"],"yoast_head":"<!-- This site is optimized with the Yoast SEO plugin v27.3 - https:\/\/yoast.com\/product\/yoast-seo-wordpress\/ -->\n<title>Salon - Waldh\u00fcs Gfl\u00fcschter<\/title>\n<meta name=\"description\" content=\"Kaminzimmer mit gem\u00fctlicher Atmosph\u00e4re.Die kleine Bibliothek und das Chemin\u00e9e laden zum verweilen ein. Geniessen Sie hier in Ruhe Ihren Schlummertrunk.\" \/>\n<meta name=\"robots\" content=\"index, follow, max-snippet:-1, max-image-preview:large, max-video-preview:-1\" \/>\n<link rel=\"canonical\" href=\"https:\/\/www.waldhaus-bettmeralp.ch\/fr\/liberte\/salon\/\" \/>\n<meta property=\"og:locale\" content=\"fr_FR\" \/>\n<meta property=\"og:type\" content=\"article\" \/>\n<meta property=\"og:title\" content=\"Salon - Waldh\u00fcs Gfl\u00fcschter\" \/>\n<meta property=\"og:description\" content=\"Kaminzimmer mit gem\u00fctlicher Atmosph\u00e4re.Die kleine Bibliothek und das Chemin\u00e9e laden zum verweilen ein. Geniessen Sie hier in Ruhe Ihren Schlummertrunk.\" \/>\n<meta property=\"og:url\" content=\"https:\/\/www.waldhaus-bettmeralp.ch\/fr\/liberte\/salon\/\" \/>\n<meta property=\"og:site_name\" content=\"Waldh\u00fcs Gfl\u00fcschter\" \/>\n<meta property=\"article:publisher\" content=\"https:\/\/www.facebook.com\/FerienhotelWaldhaus\" \/>\n<meta property=\"article:modified_time\" content=\"2017-06-03T09:34:42+00:00\" \/>\n<meta property=\"og:image\" content=\"http:\/\/www.waldhaus-bettmeralp.ch\/wp-content\/uploads\/2015\/08\/Kaminzimmer.jpg\" \/>\n<meta name=\"twitter:card\" content=\"summary_large_image\" \/>\n<meta name=\"twitter:site\" content=\"@Hotel_Waldhaus\" \/>\n<meta name=\"twitter:label1\" content=\"Dur\u00e9e de lecture estim\u00e9e\" \/>\n\t<meta name=\"twitter:data1\" content=\"2 minutes\" \/>\n<script type=\"application\/ld+json\" class=\"yoast-schema-graph\">{\"@context\":\"https:\\\/\\\/schema.org\",\"@graph\":[{\"@type\":\"WebPage\",\"@id\":\"https:\\\/\\\/www.waldhaus-bettmeralp.ch\\\/fr\\\/liberte\\\/salon\\\/\",\"url\":\"https:\\\/\\\/www.waldhaus-bettmeralp.ch\\\/fr\\\/liberte\\\/salon\\\/\",\"name\":\"Salon - Waldh\u00fcs Gfl\u00fcschter\",\"isPartOf\":{\"@id\":\"https:\\\/\\\/www.waldhaus-bettmeralp.ch\\\/en\\\/#website\"},\"primaryImageOfPage\":{\"@id\":\"https:\\\/\\\/www.waldhaus-bettmeralp.ch\\\/fr\\\/liberte\\\/salon\\\/#primaryimage\"},\"image\":{\"@id\":\"https:\\\/\\\/www.waldhaus-bettmeralp.ch\\\/fr\\\/liberte\\\/salon\\\/#primaryimage\"},\"thumbnailUrl\":\"http:\\\/\\\/www.waldhaus-bettmeralp.ch\\\/wp-content\\\/uploads\\\/2015\\\/08\\\/Kaminzimmer.jpg\",\"datePublished\":\"2015-08-16T06:27:35+00:00\",\"dateModified\":\"2017-06-03T09:34:42+00:00\",\"description\":\"Kaminzimmer mit gem\u00fctlicher Atmosph\u00e4re.Die kleine Bibliothek und das Chemin\u00e9e laden zum verweilen ein. Geniessen Sie hier in Ruhe Ihren Schlummertrunk.\",\"breadcrumb\":{\"@id\":\"https:\\\/\\\/www.waldhaus-bettmeralp.ch\\\/fr\\\/liberte\\\/salon\\\/#breadcrumb\"},\"inLanguage\":\"fr-FR\",\"potentialAction\":[{\"@type\":\"ReadAction\",\"target\":[\"https:\\\/\\\/www.waldhaus-bettmeralp.ch\\\/fr\\\/liberte\\\/salon\\\/\"]}]},{\"@type\":\"ImageObject\",\"inLanguage\":\"fr-FR\",\"@id\":\"https:\\\/\\\/www.waldhaus-bettmeralp.ch\\\/fr\\\/liberte\\\/salon\\\/#primaryimage\",\"url\":\"http:\\\/\\\/www.waldhaus-bettmeralp.ch\\\/wp-content\\\/uploads\\\/2015\\\/08\\\/Kaminzimmer.jpg\",\"contentUrl\":\"http:\\\/\\\/www.waldhaus-bettmeralp.ch\\\/wp-content\\\/uploads\\\/2015\\\/08\\\/Kaminzimmer.jpg\"},{\"@type\":\"BreadcrumbList\",\"@id\":\"https:\\\/\\\/www.waldhaus-bettmeralp.ch\\\/fr\\\/liberte\\\/salon\\\/#breadcrumb\",\"itemListElement\":[{\"@type\":\"ListItem\",\"position\":1,\"name\":\"Home\",\"item\":\"https:\\\/\\\/www.waldhaus-bettmeralp.ch\\\/fr\\\/\"},{\"@type\":\"ListItem\",\"position\":2,\"name\":\"Libert\u00e9 et D\u00e9tente\",\"item\":\"https:\\\/\\\/www.waldhaus-bettmeralp.ch\\\/fr\\\/liberte\\\/\"},{\"@type\":\"ListItem\",\"position\":3,\"name\":\"Salon\"}]},{\"@type\":\"WebSite\",\"@id\":\"https:\\\/\\\/www.waldhaus-bettmeralp.ch\\\/en\\\/#website\",\"url\":\"https:\\\/\\\/www.waldhaus-bettmeralp.ch\\\/en\\\/\",\"name\":\"Waldh\u00fcs Gfl\u00fcschter\",\"description\":\"Hotel &amp; Restaurant Waldhaus in der Aletsch Arena\",\"publisher\":{\"@id\":\"https:\\\/\\\/www.waldhaus-bettmeralp.ch\\\/en\\\/#organization\"},\"potentialAction\":[{\"@type\":\"SearchAction\",\"target\":{\"@type\":\"EntryPoint\",\"urlTemplate\":\"https:\\\/\\\/www.waldhaus-bettmeralp.ch\\\/en\\\/?s={search_term_string}\"},\"query-input\":{\"@type\":\"PropertyValueSpecification\",\"valueRequired\":true,\"valueName\":\"search_term_string\"}}],\"inLanguage\":\"fr-FR\"},{\"@type\":\"Organization\",\"@id\":\"https:\\\/\\\/www.waldhaus-bettmeralp.ch\\\/en\\\/#organization\",\"name\":\"Hotel & Restaurant Waldhaus\",\"url\":\"https:\\\/\\\/www.waldhaus-bettmeralp.ch\\\/en\\\/\",\"logo\":{\"@type\":\"ImageObject\",\"inLanguage\":\"fr-FR\",\"@id\":\"https:\\\/\\\/www.waldhaus-bettmeralp.ch\\\/en\\\/#\\\/schema\\\/logo\\\/image\\\/\",\"url\":\"https:\\\/\\\/www.waldhaus-bettmeralp.ch\\\/wp-content\\\/uploads\\\/2015\\\/08\\\/Logo-W-neu--scaled.jpg\",\"contentUrl\":\"https:\\\/\\\/www.waldhaus-bettmeralp.ch\\\/wp-content\\\/uploads\\\/2015\\\/08\\\/Logo-W-neu--scaled.jpg\",\"width\":2560,\"height\":1506,\"caption\":\"Hotel & Restaurant Waldhaus\"},\"image\":{\"@id\":\"https:\\\/\\\/www.waldhaus-bettmeralp.ch\\\/en\\\/#\\\/schema\\\/logo\\\/image\\\/\"},\"sameAs\":[\"https:\\\/\\\/www.facebook.com\\\/FerienhotelWaldhaus\",\"https:\\\/\\\/x.com\\\/Hotel_Waldhaus\",\"https:\\\/\\\/instagram.com\\\/hotel_waldhaus\\\/\",\"https:\\\/\\\/de.pinterest.com\\\/hotelwaldhaus\\\/\"]}]}<\/script>\n<!-- \/ Yoast SEO plugin. -->","yoast_head_json":{"title":"Salon - Waldh\u00fcs Gfl\u00fcschter","description":"Kaminzimmer mit gem\u00fctlicher Atmosph\u00e4re.Die kleine Bibliothek und das Chemin\u00e9e laden zum verweilen ein. Geniessen Sie hier in Ruhe Ihren Schlummertrunk.","robots":{"index":"index","follow":"follow","max-snippet":"max-snippet:-1","max-image-preview":"max-image-preview:large","max-video-preview":"max-video-preview:-1"},"canonical":"https:\/\/www.waldhaus-bettmeralp.ch\/fr\/liberte\/salon\/","og_locale":"fr_FR","og_type":"article","og_title":"Salon - Waldh\u00fcs Gfl\u00fcschter","og_description":"Kaminzimmer mit gem\u00fctlicher Atmosph\u00e4re.Die kleine Bibliothek und das Chemin\u00e9e laden zum verweilen ein. Geniessen Sie hier in Ruhe Ihren Schlummertrunk.","og_url":"https:\/\/www.waldhaus-bettmeralp.ch\/fr\/liberte\/salon\/","og_site_name":"Waldh\u00fcs Gfl\u00fcschter","article_publisher":"https:\/\/www.facebook.com\/FerienhotelWaldhaus","article_modified_time":"2017-06-03T09:34:42+00:00","og_image":[{"url":"http:\/\/www.waldhaus-bettmeralp.ch\/wp-content\/uploads\/2015\/08\/Kaminzimmer.jpg","type":"","width":"","height":""}],"twitter_card":"summary_large_image","twitter_site":"@Hotel_Waldhaus","twitter_misc":{"Dur\u00e9e de lecture estim\u00e9e":"2 minutes"},"schema":{"@context":"https:\/\/schema.org","@graph":[{"@type":"WebPage","@id":"https:\/\/www.waldhaus-bettmeralp.ch\/fr\/liberte\/salon\/","url":"https:\/\/www.waldhaus-bettmeralp.ch\/fr\/liberte\/salon\/","name":"Salon - Waldh\u00fcs Gfl\u00fcschter","isPartOf":{"@id":"https:\/\/www.waldhaus-bettmeralp.ch\/en\/#website"},"primaryImageOfPage":{"@id":"https:\/\/www.waldhaus-bettmeralp.ch\/fr\/liberte\/salon\/#primaryimage"},"image":{"@id":"https:\/\/www.waldhaus-bettmeralp.ch\/fr\/liberte\/salon\/#primaryimage"},"thumbnailUrl":"http:\/\/www.waldhaus-bettmeralp.ch\/wp-content\/uploads\/2015\/08\/Kaminzimmer.jpg","datePublished":"2015-08-16T06:27:35+00:00","dateModified":"2017-06-03T09:34:42+00:00","description":"Kaminzimmer mit gem\u00fctlicher Atmosph\u00e4re.Die kleine Bibliothek und das Chemin\u00e9e laden zum verweilen ein. Geniessen Sie hier in Ruhe Ihren Schlummertrunk.","breadcrumb":{"@id":"https:\/\/www.waldhaus-bettmeralp.ch\/fr\/liberte\/salon\/#breadcrumb"},"inLanguage":"fr-FR","potentialAction":[{"@type":"ReadAction","target":["https:\/\/www.waldhaus-bettmeralp.ch\/fr\/liberte\/salon\/"]}]},{"@type":"ImageObject","inLanguage":"fr-FR","@id":"https:\/\/www.waldhaus-bettmeralp.ch\/fr\/liberte\/salon\/#primaryimage","url":"http:\/\/www.waldhaus-bettmeralp.ch\/wp-content\/uploads\/2015\/08\/Kaminzimmer.jpg","contentUrl":"http:\/\/www.waldhaus-bettmeralp.ch\/wp-content\/uploads\/2015\/08\/Kaminzimmer.jpg"},{"@type":"BreadcrumbList","@id":"https:\/\/www.waldhaus-bettmeralp.ch\/fr\/liberte\/salon\/#breadcrumb","itemListElement":[{"@type":"ListItem","position":1,"name":"Home","item":"https:\/\/www.waldhaus-bettmeralp.ch\/fr\/"},{"@type":"ListItem","position":2,"name":"Libert\u00e9 et D\u00e9tente","item":"https:\/\/www.waldhaus-bettmeralp.ch\/fr\/liberte\/"},{"@type":"ListItem","position":3,"name":"Salon"}]},{"@type":"WebSite","@id":"https:\/\/www.waldhaus-bettmeralp.ch\/en\/#website","url":"https:\/\/www.waldhaus-bettmeralp.ch\/en\/","name":"Waldh\u00fcs Gfl\u00fcschter","description":"Hotel &amp; Restaurant Waldhaus in der Aletsch Arena","publisher":{"@id":"https:\/\/www.waldhaus-bettmeralp.ch\/en\/#organization"},"potentialAction":[{"@type":"SearchAction","target":{"@type":"EntryPoint","urlTemplate":"https:\/\/www.waldhaus-bettmeralp.ch\/en\/?s={search_term_string}"},"query-input":{"@type":"PropertyValueSpecification","valueRequired":true,"valueName":"search_term_string"}}],"inLanguage":"fr-FR"},{"@type":"Organization","@id":"https:\/\/www.waldhaus-bettmeralp.ch\/en\/#organization","name":"Hotel & Restaurant Waldhaus","url":"https:\/\/www.waldhaus-bettmeralp.ch\/en\/","logo":{"@type":"ImageObject","inLanguage":"fr-FR","@id":"https:\/\/www.waldhaus-bettmeralp.ch\/en\/#\/schema\/logo\/image\/","url":"https:\/\/www.waldhaus-bettmeralp.ch\/wp-content\/uploads\/2015\/08\/Logo-W-neu--scaled.jpg","contentUrl":"https:\/\/www.waldhaus-bettmeralp.ch\/wp-content\/uploads\/2015\/08\/Logo-W-neu--scaled.jpg","width":2560,"height":1506,"caption":"Hotel & Restaurant Waldhaus"},"image":{"@id":"https:\/\/www.waldhaus-bettmeralp.ch\/en\/#\/schema\/logo\/image\/"},"sameAs":["https:\/\/www.facebook.com\/FerienhotelWaldhaus","https:\/\/x.com\/Hotel_Waldhaus","https:\/\/instagram.com\/hotel_waldhaus\/","https:\/\/de.pinterest.com\/hotelwaldhaus\/"]}]}},"_links":{"self":[{"href":"https:\/\/www.waldhaus-bettmeralp.ch\/fr\/wp-json\/wp\/v2\/pages\/1694","targetHints":{"allow":["GET"]}}],"collection":[{"href":"https:\/\/www.waldhaus-bettmeralp.ch\/fr\/wp-json\/wp\/v2\/pages"}],"about":[{"href":"https:\/\/www.waldhaus-bettmeralp.ch\/fr\/wp-json\/wp\/v2\/types\/page"}],"author":[{"embeddable":true,"href":"https:\/\/www.waldhaus-bettmeralp.ch\/fr\/wp-json\/wp\/v2\/users\/1"}],"replies":[{"embeddable":true,"href":"https:\/\/www.waldhaus-bettmeralp.ch\/fr\/wp-json\/wp\/v2\/comments?post=1694"}],"version-history":[{"count":2,"href":"https:\/\/www.waldhaus-bettmeralp.ch\/fr\/wp-json\/wp\/v2\/pages\/1694\/revisions"}],"predecessor-version":[{"id":1698,"href":"https:\/\/www.waldhaus-bettmeralp.ch\/fr\/wp-json\/wp\/v2\/pages\/1694\/revisions\/1698"}],"up":[{"embeddable":true,"href":"https:\/\/www.waldhaus-bettmeralp.ch\/fr\/wp-json\/wp\/v2\/pages\/1690"}],"wp:attachment":[{"href":"https:\/\/www.waldhaus-bettmeralp.ch\/fr\/wp-json\/wp\/v2\/media?parent=1694"}],"curies":[{"name":"wp","href":"https:\/\/api.w.org\/{rel}","templated":true}]}}