{"id":5592,"date":"2020-05-05T14:13:36","date_gmt":"2020-05-05T14:13:36","guid":{"rendered":"https:\/\/www.waldhaus-bettmeralp.ch\/?page_id=5592"},"modified":"2022-04-11T19:01:59","modified_gmt":"2022-04-11T19:01:59","slug":"agb","status":"publish","type":"page","link":"https:\/\/www.waldhaus-bettmeralp.ch\/en\/agb\/","title":{"rendered":"AGB"},"content":{"rendered":"<div class=\"fusion-fullwidth fullwidth-box fusion-builder-row-1 nonhundred-percent-fullwidth non-hundred-percent-height-scrolling\" style=\"background-color: rgba(255,255,255,0);background-position: left top;background-repeat: no-repeat;padding-top:20px;padding-right:0px;padding-bottom:20px;padding-left:0px;margin-bottom: 0px;margin-top: 0px;border-width: 0px 0px 0px 0px;border-color:#eae9e9;border-style:solid;\" ><div class=\"fusion-builder-row fusion-row\"><div class=\"fusion-layout-column fusion_builder_column fusion-builder-column-0 fusion_builder_column_1_1 1_1 fusion-one-full fusion-column-first fusion-column-last fusion-column-no-min-height\" style=\"margin-top:0px;margin-bottom:0px;\"><div class=\"fusion-column-wrapper fusion-flex-column-wrapper-legacy\" style=\"background-position:left top;background-repeat:no-repeat;-webkit-background-size:cover;-moz-background-size:cover;-o-background-size:cover;background-size:cover;padding: 0px 0px 0px 0px;\"><div class=\"fusion-text fusion-text-1\"><h2>Allgemeine Gesch\u00e4ftsbedingungen<\/h2>\n<p><b><strong>Allgemein Gesch\u00e4ftsbedingungen f\u00fcr den Gastaufnahmevertrag<\/strong><\/b><\/p>\n<p>Diese Allgemeinen Vertragsbedingungen regeln die Rechtsbeziehungen zwischen den G\u00e4sten und dem Hotel Waldhaus Bettmeralp.<\/p>\n<ol>\n<li><b><\/b><b><strong>Vertragsabschluss<\/strong><\/b><\/li>\n<\/ol>\n<p>Der Vertag kommt mit der vorbehaltslosen Annahme der Reservation des Gastes durch das Hotel zustande.<\/p>\n<p>Meldet der buchende Gast weitere G\u00e4ste an, so haftet er f\u00fcr die Erf\u00fcllung deren Verpflichtungen.<\/p>\n<p>&nbsp;<\/p>\n<ol start=\"2\">\n<li><b><\/b><b><strong>Leistungen<\/strong><\/b><\/li>\n<\/ol>\n<p>Die konkreten Leistungen des Hotels richten sich nach der Reservationsbest\u00e4tigung. W\u00fcnscht der Gast Leistungen, die nicht vom Hotel selbst erbracht werden, so handelt das Hotel lediglich als Vermittler. Diese Leistungen werden separat abgerechnet.<\/p>\n<p>&nbsp;<\/p>\n<ol start=\"3\">\n<li><b><\/b><b><strong>Preise und Zahlungspflicht<\/strong><\/b><\/li>\n<\/ol>\n<p>Die Preise ergeben sich aus der Best\u00e4tigung . Das Hotel ist berechtigt, bei Vertragsabschluss eine angemessene Anzahlung oder eine Kreditkartengarantie zu verlangen. Die Anzahlung wird an den geschuldeten Hotelpreis resp. allf\u00e4llige Annullationskosten angerechnet.<\/p>\n<p>Die Gesamtrechnung ist beim Checkout zu bezahlen.<\/p>\n<p>Nicht stornierbare Raten sind bei Buchung sofort zu bezahlen und sind nicht stornier- oder \u00e4nderbar.<\/p>\n<p>&nbsp;<\/p>\n<ol start=\"4\">\n<li><b><\/b><b><strong>Annullationsbedingungen<\/strong><\/b><\/li>\n<\/ol>\n<p>Bei versp\u00e4teter Anreise oder verfr\u00fchter Abreise wird das Zimmer laut urspr\u00fcnglicher Buchung verrechnet, sofern es nicht weitervermietet werden kann. Unsere Empfehlung: Mit einer Reiseannullationsversicherung entstehen f\u00fcr Sie bei einer Stornierung der Reservation keine Kosten.<\/p>\n<p>&nbsp;<\/p>\n<ol start=\"5\">\n<li><b><\/b><b><strong>Zimmerbezug und R\u00fcckgabe<\/strong><\/b><\/li>\n<\/ol>\n<p>Die Zimmer werden in der Regel ab 15.00 Uhr am Anreisetag zur Verf\u00fcgung gestellt.<\/p>\n<p>Die Zimmer d\u00fcrfen nur zum vereinbarten Zweck der \u00dcbernachtung ben\u00fctzt werden. Das Hotel ist berechtigt, den Vertrag fristlos aufzul\u00f6sen, wenn der Vertrag unter falschen oder irref\u00fchrenden Angaben abgeschlossen worden ist oder das Zimmer nicht vertragsgem\u00e4ss genutzt wird.<\/p>\n<p>Entstehen dem Hotel aus der vertragswidrigen Nutzung des Zimmers oder durch die unsachgem\u00e4sse Handhabung von Einrichtungsgegenst\u00e4nden und Ger\u00e4ten Kosten, ist das Hotel berechtigt, diese dem Gast zu verrechnen.<\/p>\n<p>&nbsp;<\/p>\n<ol start=\"6\">\n<li><b><\/b><b><strong>Haftung des Hotels<\/strong><\/b><\/li>\n<\/ol>\n<p>Das Hotel haftet f\u00fcr die eingebrachten Sachen gem\u00e4ss den gesetzlichen Bestimmungen. F\u00fcr leichtes Verschulden wird nicht gehaftet.<\/p>\n<p>Das Hotel haftet unter keinem Rechtstitel f\u00fcr Leistungen, die es dem Gast lediglich vermittelt hat (Ziffer 2).<\/p>\n<p>Sollte der Gast zu Schaden kommen oder mit den Leistungen des Hotels nicht zufrieden sein, so hat er dies dem Hotel unverz\u00fcglich zu melden, andernfalls kann er keine Rechte mehr geltend machen. S\u00e4mtliche Forderungen gegen\u00fcber dem Hotel verj\u00e4hren innert 6 Monaten nach Vertragsende, sofern die zwingenden gesetzlichen Bestimmungen nicht l\u00e4ngere Fristen vorsehen. Die ausservertragliche Haftung richtet sich nach den gesetzlichen Bestimmungen, vorbehalten bleiben weitergehende Haftungsbeschr\u00e4nkungen und Haftungsausschl\u00fcsse gem\u00e4ss diesen Allgemeinen Gesch\u00e4ftsbedingungen.<\/p>\n<p>&nbsp;<\/p>\n<ol start=\"7\">\n<li><b><\/b><b><strong>Schlussbestimmungen<\/strong><\/b><\/li>\n<\/ol>\n<p>Dieser Vertrag untersteht schweizerischem Recht. Einseitige \u00c4nderungen oder Erg\u00e4nzungen durch den Hotelgast sind unwirksam.<\/p>\n<p>Der Erf\u00fcllungs- und Zahlungsort ist der Sitz des Hotels, als ausschliesslichen Gerichtsstand vereinbaren die Parteien ebenso den Sitz des Hotels.<\/p>\n<p>&nbsp;<\/p>\n<p style=\"text-align: center;\">&nbsp;<\/p>\n<p>&nbsp;<\/p>\n<\/div><div class=\"fusion-clearfix\"><\/div><\/div><\/div><\/div><\/div>\n","protected":false},"excerpt":{"rendered":"","protected":false},"author":1,"featured_media":0,"parent":0,"menu_order":0,"comment_status":"closed","ping_status":"closed","template":"","meta":{"ngg_post_thumbnail":0,"footnotes":""},"class_list":["post-5592","page","type-page","status-publish","hentry"],"yoast_head":"<!-- This site is optimized with the Yoast SEO plugin v27.3 - https:\/\/yoast.com\/product\/yoast-seo-wordpress\/ -->\n<title>AGB - Waldh\u00fcs Gfl\u00fcschter<\/title>\n<meta name=\"robots\" content=\"index, follow, max-snippet:-1, max-image-preview:large, max-video-preview:-1\" \/>\n<link rel=\"canonical\" href=\"https:\/\/www.waldhaus-bettmeralp.ch\/agb\/\" \/>\n<meta property=\"og:locale\" content=\"en_US\" \/>\n<meta property=\"og:type\" content=\"article\" \/>\n<meta property=\"og:title\" content=\"AGB - Waldh\u00fcs Gfl\u00fcschter\" \/>\n<meta property=\"og:url\" content=\"https:\/\/www.waldhaus-bettmeralp.ch\/agb\/\" \/>\n<meta property=\"og:site_name\" content=\"Waldh\u00fcs Gfl\u00fcschter\" \/>\n<meta property=\"article:publisher\" content=\"https:\/\/www.facebook.com\/FerienhotelWaldhaus\" \/>\n<meta property=\"article:modified_time\" content=\"2022-04-11T19:01:59+00:00\" \/>\n<meta name=\"twitter:card\" content=\"summary_large_image\" \/>\n<meta name=\"twitter:site\" content=\"@Hotel_Waldhaus\" \/>\n<meta name=\"twitter:label1\" content=\"Est. reading time\" \/>\n\t<meta name=\"twitter:data1\" content=\"1 minute\" \/>\n<script type=\"application\/ld+json\" class=\"yoast-schema-graph\">{\"@context\":\"https:\\\/\\\/schema.org\",\"@graph\":[{\"@type\":\"WebPage\",\"@id\":\"https:\\\/\\\/www.waldhaus-bettmeralp.ch\\\/agb\\\/\",\"url\":\"https:\\\/\\\/www.waldhaus-bettmeralp.ch\\\/agb\\\/\",\"name\":\"AGB - Waldh\u00fcs Gfl\u00fcschter\",\"isPartOf\":{\"@id\":\"https:\\\/\\\/www.waldhaus-bettmeralp.ch\\\/en\\\/#website\"},\"datePublished\":\"2020-05-05T14:13:36+00:00\",\"dateModified\":\"2022-04-11T19:01:59+00:00\",\"breadcrumb\":{\"@id\":\"https:\\\/\\\/www.waldhaus-bettmeralp.ch\\\/agb\\\/#breadcrumb\"},\"inLanguage\":\"en-US\",\"potentialAction\":[{\"@type\":\"ReadAction\",\"target\":[\"https:\\\/\\\/www.waldhaus-bettmeralp.ch\\\/agb\\\/\"]}]},{\"@type\":\"BreadcrumbList\",\"@id\":\"https:\\\/\\\/www.waldhaus-bettmeralp.ch\\\/agb\\\/#breadcrumb\",\"itemListElement\":[{\"@type\":\"ListItem\",\"position\":1,\"name\":\"Home\",\"item\":\"https:\\\/\\\/www.waldhaus-bettmeralp.ch\\\/en\\\/\"},{\"@type\":\"ListItem\",\"position\":2,\"name\":\"AGB\"}]},{\"@type\":\"WebSite\",\"@id\":\"https:\\\/\\\/www.waldhaus-bettmeralp.ch\\\/en\\\/#website\",\"url\":\"https:\\\/\\\/www.waldhaus-bettmeralp.ch\\\/en\\\/\",\"name\":\"Waldh\u00fcs Gfl\u00fcschter\",\"description\":\"Hotel &amp; Restaurant Waldhaus in der Aletsch Arena\",\"publisher\":{\"@id\":\"https:\\\/\\\/www.waldhaus-bettmeralp.ch\\\/en\\\/#organization\"},\"potentialAction\":[{\"@type\":\"SearchAction\",\"target\":{\"@type\":\"EntryPoint\",\"urlTemplate\":\"https:\\\/\\\/www.waldhaus-bettmeralp.ch\\\/en\\\/?s={search_term_string}\"},\"query-input\":{\"@type\":\"PropertyValueSpecification\",\"valueRequired\":true,\"valueName\":\"search_term_string\"}}],\"inLanguage\":\"en-US\"},{\"@type\":\"Organization\",\"@id\":\"https:\\\/\\\/www.waldhaus-bettmeralp.ch\\\/en\\\/#organization\",\"name\":\"Hotel & Restaurant Waldhaus\",\"url\":\"https:\\\/\\\/www.waldhaus-bettmeralp.ch\\\/en\\\/\",\"logo\":{\"@type\":\"ImageObject\",\"inLanguage\":\"en-US\",\"@id\":\"https:\\\/\\\/www.waldhaus-bettmeralp.ch\\\/en\\\/#\\\/schema\\\/logo\\\/image\\\/\",\"url\":\"https:\\\/\\\/www.waldhaus-bettmeralp.ch\\\/wp-content\\\/uploads\\\/2015\\\/08\\\/Logo-W-neu--scaled.jpg\",\"contentUrl\":\"https:\\\/\\\/www.waldhaus-bettmeralp.ch\\\/wp-content\\\/uploads\\\/2015\\\/08\\\/Logo-W-neu--scaled.jpg\",\"width\":2560,\"height\":1506,\"caption\":\"Hotel & Restaurant Waldhaus\"},\"image\":{\"@id\":\"https:\\\/\\\/www.waldhaus-bettmeralp.ch\\\/en\\\/#\\\/schema\\\/logo\\\/image\\\/\"},\"sameAs\":[\"https:\\\/\\\/www.facebook.com\\\/FerienhotelWaldhaus\",\"https:\\\/\\\/x.com\\\/Hotel_Waldhaus\",\"https:\\\/\\\/instagram.com\\\/hotel_waldhaus\\\/\",\"https:\\\/\\\/de.pinterest.com\\\/hotelwaldhaus\\\/\"]}]}<\/script>\n<!-- \/ Yoast SEO plugin. -->","yoast_head_json":{"title":"AGB - Waldh\u00fcs Gfl\u00fcschter","robots":{"index":"index","follow":"follow","max-snippet":"max-snippet:-1","max-image-preview":"max-image-preview:large","max-video-preview":"max-video-preview:-1"},"canonical":"https:\/\/www.waldhaus-bettmeralp.ch\/agb\/","og_locale":"en_US","og_type":"article","og_title":"AGB - Waldh\u00fcs Gfl\u00fcschter","og_url":"https:\/\/www.waldhaus-bettmeralp.ch\/agb\/","og_site_name":"Waldh\u00fcs Gfl\u00fcschter","article_publisher":"https:\/\/www.facebook.com\/FerienhotelWaldhaus","article_modified_time":"2022-04-11T19:01:59+00:00","twitter_card":"summary_large_image","twitter_site":"@Hotel_Waldhaus","twitter_misc":{"Est. reading time":"1 minute"},"schema":{"@context":"https:\/\/schema.org","@graph":[{"@type":"WebPage","@id":"https:\/\/www.waldhaus-bettmeralp.ch\/agb\/","url":"https:\/\/www.waldhaus-bettmeralp.ch\/agb\/","name":"AGB - Waldh\u00fcs Gfl\u00fcschter","isPartOf":{"@id":"https:\/\/www.waldhaus-bettmeralp.ch\/en\/#website"},"datePublished":"2020-05-05T14:13:36+00:00","dateModified":"2022-04-11T19:01:59+00:00","breadcrumb":{"@id":"https:\/\/www.waldhaus-bettmeralp.ch\/agb\/#breadcrumb"},"inLanguage":"en-US","potentialAction":[{"@type":"ReadAction","target":["https:\/\/www.waldhaus-bettmeralp.ch\/agb\/"]}]},{"@type":"BreadcrumbList","@id":"https:\/\/www.waldhaus-bettmeralp.ch\/agb\/#breadcrumb","itemListElement":[{"@type":"ListItem","position":1,"name":"Home","item":"https:\/\/www.waldhaus-bettmeralp.ch\/en\/"},{"@type":"ListItem","position":2,"name":"AGB"}]},{"@type":"WebSite","@id":"https:\/\/www.waldhaus-bettmeralp.ch\/en\/#website","url":"https:\/\/www.waldhaus-bettmeralp.ch\/en\/","name":"Waldh\u00fcs Gfl\u00fcschter","description":"Hotel &amp; Restaurant Waldhaus in der Aletsch Arena","publisher":{"@id":"https:\/\/www.waldhaus-bettmeralp.ch\/en\/#organization"},"potentialAction":[{"@type":"SearchAction","target":{"@type":"EntryPoint","urlTemplate":"https:\/\/www.waldhaus-bettmeralp.ch\/en\/?s={search_term_string}"},"query-input":{"@type":"PropertyValueSpecification","valueRequired":true,"valueName":"search_term_string"}}],"inLanguage":"en-US"},{"@type":"Organization","@id":"https:\/\/www.waldhaus-bettmeralp.ch\/en\/#organization","name":"Hotel & Restaurant Waldhaus","url":"https:\/\/www.waldhaus-bettmeralp.ch\/en\/","logo":{"@type":"ImageObject","inLanguage":"en-US","@id":"https:\/\/www.waldhaus-bettmeralp.ch\/en\/#\/schema\/logo\/image\/","url":"https:\/\/www.waldhaus-bettmeralp.ch\/wp-content\/uploads\/2015\/08\/Logo-W-neu--scaled.jpg","contentUrl":"https:\/\/www.waldhaus-bettmeralp.ch\/wp-content\/uploads\/2015\/08\/Logo-W-neu--scaled.jpg","width":2560,"height":1506,"caption":"Hotel & Restaurant Waldhaus"},"image":{"@id":"https:\/\/www.waldhaus-bettmeralp.ch\/en\/#\/schema\/logo\/image\/"},"sameAs":["https:\/\/www.facebook.com\/FerienhotelWaldhaus","https:\/\/x.com\/Hotel_Waldhaus","https:\/\/instagram.com\/hotel_waldhaus\/","https:\/\/de.pinterest.com\/hotelwaldhaus\/"]}]}},"_links":{"self":[{"href":"https:\/\/www.waldhaus-bettmeralp.ch\/en\/wp-json\/wp\/v2\/pages\/5592","targetHints":{"allow":["GET"]}}],"collection":[{"href":"https:\/\/www.waldhaus-bettmeralp.ch\/en\/wp-json\/wp\/v2\/pages"}],"about":[{"href":"https:\/\/www.waldhaus-bettmeralp.ch\/en\/wp-json\/wp\/v2\/types\/page"}],"author":[{"embeddable":true,"href":"https:\/\/www.waldhaus-bettmeralp.ch\/en\/wp-json\/wp\/v2\/users\/1"}],"replies":[{"embeddable":true,"href":"https:\/\/www.waldhaus-bettmeralp.ch\/en\/wp-json\/wp\/v2\/comments?post=5592"}],"version-history":[{"count":2,"href":"https:\/\/www.waldhaus-bettmeralp.ch\/en\/wp-json\/wp\/v2\/pages\/5592\/revisions"}],"predecessor-version":[{"id":6308,"href":"https:\/\/www.waldhaus-bettmeralp.ch\/en\/wp-json\/wp\/v2\/pages\/5592\/revisions\/6308"}],"wp:attachment":[{"href":"https:\/\/www.waldhaus-bettmeralp.ch\/en\/wp-json\/wp\/v2\/media?parent=5592"}],"curies":[{"name":"wp","href":"https:\/\/api.w.org\/{rel}","templated":true}]}}