{"id":4239,"date":"2016-09-20T14:12:35","date_gmt":"2016-09-20T14:12:35","guid":{"rendered":"https:\/\/www.waldhaus-bettmeralp.ch\/feel-free_en\/cranio-sacral\/"},"modified":"2017-07-11T10:49:18","modified_gmt":"2017-07-11T10:49:18","slug":"cranio-sacral_en","status":"publish","type":"page","link":"https:\/\/www.waldhaus-bettmeralp.ch\/en\/feel-free_en\/cranio-sacral_en\/","title":{"rendered":"Cranio Sacral"},"content":{"rendered":"<div class=\"fusion-fullwidth fullwidth-box fusion-builder-row-1 nonhundred-percent-fullwidth non-hundred-percent-height-scrolling\" style=\"background-color: rgba(255,255,255,0);background-position: left top;background-repeat: no-repeat;padding-top:20px;padding-right:0px;padding-bottom:20px;padding-left:0px;margin-bottom: 0px;margin-top: 0px;border-width: 0px 0px 0px 0px;border-color:#eae9e9;border-style:solid;\" ><div class=\"fusion-builder-row fusion-row\"><div class=\"fusion-layout-column fusion_builder_column fusion-builder-column-0 fusion_builder_column_1_1 1_1 fusion-one-full fusion-column-first fusion-column-last fusion-column-no-min-height\" style=\"margin-top:0px;margin-bottom:0px;\"><div class=\"fusion-column-wrapper fusion-flex-column-wrapper-legacy\" style=\"background-position:left top;background-repeat:no-repeat;-webkit-background-size:cover;-moz-background-size:cover;-o-background-size:cover;background-size:cover;padding: 0px 0px 0px 0px;\"><div class=\"fusion-text fusion-text-1\"><p style=\"letter-spacing: 4px; font-size: 13px; text-align: center; margin-bottom: 0px;\">Feel Free at the Waldhaus<\/p>\n<h1 style=\"text-align: center;\">Craniosacral Therapy<\/h1>\n<\/div><div class=\"fusion-clearfix\"><\/div><\/div><\/div><div class=\"fusion-layout-column fusion_builder_column fusion-builder-column-1 fusion_builder_column_2_3 2_3 fusion-two-third fusion-column-first\" style=\"width:65.3333%; margin-right: 4%;margin-top:0px;margin-bottom:20px;\"><div class=\"fusion-column-wrapper fusion-flex-column-wrapper-legacy\" style=\"background-position:left top;background-repeat:no-repeat;-webkit-background-size:cover;-moz-background-size:cover;-o-background-size:cover;background-size:cover;padding: 0px 0px 0px 0px;\"><div class=\"fusion-text fusion-text-2\"><p><span id=\"result_box\" class=\"\" lang=\"en\"><span title=\"Die Biodynamische Craniosacral Therapie ist eine sanfte und tiefgreifende Form der K\u00f6rperarbeit, welches den Menschen als Gesamtheit betrachtet und die Eigenregulierung des K\u00f6rpers unterst\u00fctzt.\">Biodynamic Craniosacral Therapy is a gentle and profound form of bodywork, which considers man as a whole and supports the self-regulation of the body. <\/span><span title=\"Dem Menschen innewohnende Kr\u00e4fte werden aktiviert durch Anregung des craniosacralen Systems.\">Involuntary forces are activated by excitation of the craniosacral system. <\/span><span title=\"Durch eine gezielte Unterst\u00fctzung und St\u00e4rkung der Ressourcen kann eine positive Ver\u00e4nderung eingeleitet werden, um Harmonie und Balance zu schaffen.\">Through targeted support and strengthening of resources, a positive change can be introduced to create harmony and balance. <\/span><span title=\"Diese Behandlungsform kann bei Menschen jedes Alters angewendet werden. \">This treatment can be used in people of all ages.<\/span><\/span><\/p>\n<div id=\"cc-matrix-3915849124\">\n<div id=\"cc-m-13473009424\" class=\"j-module n j-header \">\n<h3 id=\"cc-m-header-13473009424\"><span id=\"result_box\" class=\"\" lang=\"en\"><span title=\"Ablauf einer Behandlung &nbsp;&nbsp;&nbsp;&nbsp;\">Course of treatment<\/span><\/span><\/h3>\n<\/div>\n<div id=\"cc-m-13473027124\" class=\"j-module n j-text \">\n<ul>\n<li><span id=\"result_box\" class=\"\" lang=\"en\"><span title=\"Ablauf einer Behandlung &nbsp;&nbsp;&nbsp;&nbsp;\">&nbsp;&nbsp;<\/span><span title=\"Ein Vorgespr\u00e4ch schafft einen ersten Kontakt in der Craniosacralen Behandlung und bietet Raum Anliegen, W\u00fcnsche oder Erwartungen mitzuteilen. &nbsp;&nbsp;&nbsp;&nbsp;\">A preliminary discussion creates a first contact in the craniosacral treatment and provides space concerns, wishes or expectations.<br \/>\n&nbsp;&nbsp;&nbsp;&nbsp;<\/span><span title=\"In bequemer Kleidung liegt der Klient auf einer Massageliege.\">In comfortable clothing, the client lies on a massage lounger. <\/span><span title=\"Alternativ kann auch eine Behandlungen im Sitzen oder in Bewegung durchgef\u00fchrt werden. &nbsp;&nbsp;&nbsp;&nbsp;\">Alternatively, a sitting or moving treatment can be performed.<\/span><\/span><\/li>\n<li><span id=\"result_box\" class=\"\" lang=\"en\"><span title=\"Alternativ kann auch eine Behandlungen im Sitzen oder in Bewegung durchgef\u00fchrt werden. &nbsp;&nbsp;&nbsp;&nbsp;\">&nbsp;&nbsp;&nbsp; <\/span><span title=\"Sehr achtsam, wertfrei und einf\u00fchlsam wird Kontakt aufgenommen. &nbsp;&nbsp;&nbsp;&nbsp;\">Very careful, free of value and sensitive, contact is made.<\/span><\/span><\/li>\n<li><span id=\"result_box\" class=\"\" lang=\"en\"><span title=\"Sehr achtsam, wertfrei und einf\u00fchlsam wird Kontakt aufgenommen. &nbsp;&nbsp;&nbsp;&nbsp;\">&nbsp;&nbsp;&nbsp; <\/span><span title=\"Die craniosacralen Griffe sind sanft und nicht-invasiv, sodass sich die nat\u00fcrliche Rhythmen erneut einstellen k\u00f6nnen. &nbsp;&nbsp;&nbsp;&nbsp;\">The craniosacral handles are gentle and non-invasive, so the natural rhythms can be adjusted again.<\/span><\/span><\/li>\n<li><span id=\"result_box\" class=\"\" lang=\"en\"><span title=\"Die craniosacralen Griffe sind sanft und nicht-invasiv, sodass sich die nat\u00fcrliche Rhythmen erneut einstellen k\u00f6nnen. &nbsp;&nbsp;&nbsp;&nbsp;\">&nbsp;&nbsp;&nbsp; <\/span><span title=\"Die Therapie kann verbal begleitet werden oder in Ruhe stattfinden. &nbsp;&nbsp;&nbsp;&nbsp;\">The therapy can be accompanied verbally or in peace.<\/span><\/span><\/li>\n<li><span id=\"result_box\" class=\"\" lang=\"en\"><span title=\"Die Therapie kann verbal begleitet werden oder in Ruhe stattfinden. &nbsp;&nbsp;&nbsp;&nbsp;\">&nbsp;&nbsp;&nbsp; <\/span><span title=\"Die Sitzungen sind auf Gesundheit und Selbstheilungskr\u00e4fte ausgerichtet. &nbsp;&nbsp;&nbsp;&nbsp;\">The sessions are focused on health and self-healing.<\/span><\/span><\/li>\n<li><span id=\"result_box\" class=\"\" lang=\"en\"><span title=\"Die Sitzungen sind auf Gesundheit und Selbstheilungskr\u00e4fte ausgerichtet. &nbsp;&nbsp;&nbsp;&nbsp;\">&nbsp;&nbsp;&nbsp; <\/span><span title=\"Eine Behandlung dauert in der Regel 60 Minuten. \">A treatment usually takes 60 minutes.<br \/>\n<\/span><\/span><\/li>\n<\/ul>\n<div id=\"cc-m-13473009824\" class=\"j-module n j-header \">\n<h3 id=\"cc-m-header-13473009824\"><span id=\"result_box\" class=\"\" lang=\"en\"><span title=\"Anwendungen \">Applications<\/span><\/span><\/h3>\n<\/div>\n<div id=\"cc-m-13473033224\" class=\"j-module n j-text \">\n<p><strong><span class=\"\" lang=\"en\"><span title=\"Bew\u00e4hrte Indikationen &nbsp;&nbsp;&nbsp;&nbsp;\">Proven indications<\/span><\/span><\/strong><\/p>\n<ul>\n<li><span id=\"result_box\" class=\"\" lang=\"en\"><span title=\"Bew\u00e4hrte Indikationen &nbsp;&nbsp;&nbsp;&nbsp;\">&nbsp;&nbsp;<\/span><span title=\"Unterst\u00fctzung in belastenden Lebenssituationen &nbsp;&nbsp;&nbsp;&nbsp;\">Support in stressful life situations<\/span><\/span><\/li>\n<li><span id=\"result_box\" class=\"\" lang=\"en\"><span title=\"Unterst\u00fctzung in belastenden Lebenssituationen &nbsp;&nbsp;&nbsp;&nbsp;\">&nbsp;&nbsp;&nbsp; <\/span><span title=\"Rehabilitation nach Krankheit oder Unfall &nbsp;&nbsp;&nbsp;&nbsp;\">Rehabilitation after illness or accident<\/span><\/span><\/li>\n<li><span id=\"result_box\" class=\"\" lang=\"en\"><span title=\"Rehabilitation nach Krankheit oder Unfall &nbsp;&nbsp;&nbsp;&nbsp;\">&nbsp;&nbsp;&nbsp; <\/span><span title=\"Schleuder-, Sturz- und Stauchtrauma &nbsp;&nbsp;&nbsp;&nbsp;\">Spinning, falling and compressive trauma<\/span><\/span><\/li>\n<li><span id=\"result_box\" class=\"\" lang=\"en\"><span title=\"Schleuder-, Sturz- und Stauchtrauma &nbsp;&nbsp;&nbsp;&nbsp;\">&nbsp;&nbsp;&nbsp; <\/span><span title=\"Regulation f\u00fcr den Bewegungsapparat, die Organe, das Lymphsystem, das Hormonsystem, das vegetative und zentrale Nervensystem &nbsp;&nbsp;&nbsp;&nbsp;\">Regulation of the movement apparatus, the organs, the lymph system, the hormonal system, the vegetative and central nervous system<\/span><\/span><\/li>\n<li><span id=\"result_box\" class=\"\" lang=\"en\"><span title=\"Regulation f\u00fcr den Bewegungsapparat, die Organe, das Lymphsystem, das Hormonsystem, das vegetative und zentrale Nervensystem &nbsp;&nbsp;&nbsp;&nbsp;\">&nbsp;&nbsp;&nbsp; <\/span><span title=\"Schlafprobleme, Ersch\u00f6pfungszust\u00e4nde, Depressionen &nbsp;&nbsp;&nbsp;&nbsp;\">Sleep problems, exhaustion, depression<\/span><\/span><\/li>\n<li><span id=\"result_box\" class=\"\" lang=\"en\"><span title=\"Schlafprobleme, Ersch\u00f6pfungszust\u00e4nde, Depressionen &nbsp;&nbsp;&nbsp;&nbsp;\">&nbsp;&nbsp;&nbsp; <\/span><span title=\"stressbedingte Beschwerden, Burnout-Syndrom &nbsp;&nbsp;&nbsp;&nbsp;\">Stress-related discomfort, burnout syndrome<\/span><\/span><\/li>\n<li><span id=\"result_box\" class=\"\" lang=\"en\"><span title=\"stressbedingte Beschwerden, Burnout-Syndrom &nbsp;&nbsp;&nbsp;&nbsp;\">&nbsp;&nbsp;&nbsp; <\/span><span title=\"St\u00f6rungen des Immunsystems &nbsp;&nbsp;&nbsp;&nbsp;\">Disorders of the immune system<\/span><\/span><\/li>\n<li><span id=\"result_box\" class=\"\" lang=\"en\"><span title=\"St\u00f6rungen des Immunsystems &nbsp;&nbsp;&nbsp;&nbsp;\">&nbsp;&nbsp;&nbsp; <\/span><span title=\"Menstruationsbeschwerden &nbsp;&nbsp;&nbsp;&nbsp;\">menstrual cramps<\/span><\/span><\/li>\n<li><span id=\"result_box\" class=\"\" lang=\"en\"><span title=\"Menstruationsbeschwerden &nbsp;&nbsp;&nbsp;&nbsp;\">&nbsp;&nbsp;&nbsp; <\/span><span title=\"Schwangerschafts- und Geburtsbegleitung \">Pregnancy and birth support<\/span><\/span><\/li>\n<\/ul>\n<p><strong><span id=\"result_box\" class=\"\" lang=\"en\"><span title=\"Schwangerschafts- und Geburtsbegleitung \"><br \/>\n<\/span><span title=\"Begleitend zu \u00e4rztlicher Betreuung bei &nbsp;&nbsp;&nbsp;&nbsp;\">Accompanying to medical care<br \/>\n<\/span><\/span><\/strong><\/p>\n<ul>\n<li><span id=\"result_box\" class=\"\" lang=\"en\"><span title=\"chronischen Schmerzzust\u00e4nden &nbsp;&nbsp;&nbsp;&nbsp;\">Chronic pain<\/span><\/span><\/li>\n<li><span id=\"result_box\" class=\"\" lang=\"en\"><span title=\"chronischen Schmerzzust\u00e4nden &nbsp;&nbsp;&nbsp;&nbsp;\">&nbsp;&nbsp;&nbsp; <\/span><span title=\"Verdauungsbeschwerden &nbsp;&nbsp;&nbsp;&nbsp;\">indigestion<\/span><\/span><\/li>\n<li><span id=\"result_box\" class=\"\" lang=\"en\"><span title=\"Verdauungsbeschwerden &nbsp;&nbsp;&nbsp;&nbsp;\">&nbsp;&nbsp;&nbsp; <\/span><span title=\"Kopfschmerzen und Migr\u00e4ne &nbsp;&nbsp;&nbsp;&nbsp;\">Headache and migraine<\/span><\/span><\/li>\n<li><span id=\"result_box\" class=\"\" lang=\"en\"><span title=\"Kopfschmerzen und Migr\u00e4ne &nbsp;&nbsp;&nbsp;&nbsp;\">&nbsp;&nbsp;&nbsp; <\/span><span title=\"Sinusitis und Tinnitus &nbsp;&nbsp;&nbsp;&nbsp;\">Sinusitis and tinnitus<\/span><\/span><\/li>\n<li><span id=\"result_box\" class=\"\" lang=\"en\"><span title=\"Sinusitis und Tinnitus &nbsp;&nbsp;&nbsp;&nbsp;\">&nbsp;&nbsp;&nbsp; <\/span><span title=\"orthop\u00e4dischen Problemen &nbsp;&nbsp;&nbsp;&nbsp;\">Orthopedic problems<\/span><\/span><\/li>\n<li><span id=\"result_box\" class=\"\" lang=\"en\"><span title=\"orthop\u00e4dischen Problemen &nbsp;&nbsp;&nbsp;&nbsp;\">&nbsp;&nbsp;&nbsp; <\/span><span title=\"Wirbels\u00e4ulen-, Muskel- und Gelenkserkrankungen &nbsp;&nbsp;&nbsp;&nbsp;\">Spinal, muscular and joint diseases<\/span><\/span><\/li>\n<li><span id=\"result_box\" class=\"\" lang=\"en\"><span title=\"Wirbels\u00e4ulen-, Muskel- und Gelenkserkrankungen &nbsp;&nbsp;&nbsp;&nbsp;\">&nbsp;&nbsp;&nbsp; <\/span><span title=\"kieferorthop\u00e4dischen Problemen &nbsp;&nbsp;&nbsp;&nbsp;\">Orthodontic problems<\/span><\/span><\/li>\n<li><span id=\"result_box\" class=\"\" lang=\"en\"><span title=\"kieferorthop\u00e4dischen Problemen &nbsp;&nbsp;&nbsp;&nbsp;\">&nbsp;&nbsp;&nbsp; <\/span><span title=\"Asthma, Allergien und Hauterkrankungen &nbsp;&nbsp;&nbsp;&nbsp;\">Asthma, allergies and skin diseases<\/span><\/span><\/li>\n<li><span id=\"result_box\" class=\"\" lang=\"en\"><span title=\"Asthma, Allergien und Hauterkrankungen &nbsp;&nbsp;&nbsp;&nbsp;\">&nbsp;&nbsp;&nbsp; <\/span><span title=\"Ver\u00e4nderungen im Bereich von Gehirn und R\u00fcckenmark &nbsp;&nbsp;&nbsp;&nbsp;\">Changes in the brain and spinal cord<\/span><\/span><\/li>\n<li><span id=\"result_box\" class=\"\" lang=\"en\"><span title=\"Ver\u00e4nderungen im Bereich von Gehirn und R\u00fcckenmark &nbsp;&nbsp;&nbsp;&nbsp;\">&nbsp;&nbsp;&nbsp; <\/span><span title=\"psychosomatischen Beschwerden \">Psychosomatic complaints<\/span><\/span><\/li>\n<\/ul>\n<p><strong>Please note<\/strong><span id=\"result_box\" class=\"\" lang=\"en\"><span title=\"Bitte beachten Sie \"><br \/>\n<\/span><span title=\"Bei Fragen und Unklarheiten bez\u00fcglich der Indikationen und Anwendungsbereiche k\u00f6nnen Sie sich jederzeit an mich wenden.\">If you have any questions or doubts regarding the indications and fields of application, please feel free to contact me.<\/span><\/span><\/p>\n<\/div>\n<\/div>\n<\/div>\n<\/div><div class=\"fusion-clearfix\"><\/div><\/div><\/div><div class=\"fusion-layout-column fusion_builder_column fusion-builder-column-2 fusion_builder_column_1_3 1_3 fusion-one-third fusion-column-last\" style=\"width:30.6666%;margin-top:0px;margin-bottom:20px;\"><div class=\"fusion-column-wrapper fusion-flex-column-wrapper-legacy\" style=\"background-position:left top;background-repeat:no-repeat;-webkit-background-size:cover;-moz-background-size:cover;-o-background-size:cover;background-size:cover;padding: 0px 0px 0px 0px;\"><span class=\" fusion-imageframe imageframe-none imageframe-1 hover-type-none\"><img decoding=\"async\" src=\"http:\/\/www.waldhaus-bettmeralp.ch\/wp-content\/uploads\/2016\/09\/Cranio-Sacral-Kristin-225x300.jpg\" class=\"img-responsive\"\/><\/span><div class=\"fusion-text fusion-text-3\"><div id=\"cc-matrix-3915849224\">\n<p>&nbsp;<\/p>\n<div id=\"cc-m-13473033224\" class=\"j-module n j-text \">\n<h3>Craniosacral Therapeutin<\/h3>\n<p>Kristin Nieger, dipl. Qi Gong und Craniosacral Therapeutin i.A.<\/p>\n<p><strong>Dauer einer Sitzung<\/strong>: ungef\u00e4hr 60-75 Minuten<\/p>\n<p><strong>Kosten<\/strong>: Fr. 110.- \/ Sitzung<\/p>\n<\/div>\n<\/div>\n<\/div><div class=\"fusion-clearfix\"><\/div><\/div><\/div><\/div><\/div>\n","protected":false},"excerpt":{"rendered":"","protected":false},"author":1,"featured_media":0,"parent":4220,"menu_order":0,"comment_status":"closed","ping_status":"closed","template":"","meta":{"ngg_post_thumbnail":0,"footnotes":""},"class_list":["post-4239","page","type-page","status-publish","hentry"],"yoast_head":"<!-- This site is optimized with the Yoast SEO plugin v27.3 - https:\/\/yoast.com\/product\/yoast-seo-wordpress\/ -->\n<title>Cranio Sacral - Waldh\u00fcs Gfl\u00fcschter<\/title>\n<meta name=\"robots\" content=\"index, follow, max-snippet:-1, max-image-preview:large, max-video-preview:-1\" \/>\n<link rel=\"canonical\" href=\"https:\/\/www.waldhaus-bettmeralp.ch\/en\/feel-free_en\/cranio-sacral_en\/\" \/>\n<meta property=\"og:locale\" content=\"en_US\" \/>\n<meta property=\"og:type\" content=\"article\" \/>\n<meta property=\"og:title\" content=\"Cranio Sacral - Waldh\u00fcs Gfl\u00fcschter\" \/>\n<meta property=\"og:url\" content=\"https:\/\/www.waldhaus-bettmeralp.ch\/en\/feel-free_en\/cranio-sacral_en\/\" \/>\n<meta property=\"og:site_name\" content=\"Waldh\u00fcs Gfl\u00fcschter\" \/>\n<meta property=\"article:publisher\" content=\"https:\/\/www.facebook.com\/FerienhotelWaldhaus\" \/>\n<meta property=\"article:modified_time\" content=\"2017-07-11T10:49:18+00:00\" \/>\n<meta property=\"og:image\" content=\"http:\/\/www.waldhaus-bettmeralp.ch\/wp-content\/uploads\/2016\/09\/Cranio-Sacral-Kristin-225x300.jpg\" \/>\n<meta name=\"twitter:card\" content=\"summary_large_image\" \/>\n<meta name=\"twitter:site\" content=\"@Hotel_Waldhaus\" \/>\n<meta name=\"twitter:label1\" content=\"Est. reading time\" \/>\n\t<meta name=\"twitter:data1\" content=\"3 minutes\" \/>\n<script type=\"application\/ld+json\" class=\"yoast-schema-graph\">{\"@context\":\"https:\\\/\\\/schema.org\",\"@graph\":[{\"@type\":\"WebPage\",\"@id\":\"https:\\\/\\\/www.waldhaus-bettmeralp.ch\\\/en\\\/feel-free_en\\\/cranio-sacral_en\\\/\",\"url\":\"https:\\\/\\\/www.waldhaus-bettmeralp.ch\\\/en\\\/feel-free_en\\\/cranio-sacral_en\\\/\",\"name\":\"Cranio Sacral - Waldh\u00fcs Gfl\u00fcschter\",\"isPartOf\":{\"@id\":\"https:\\\/\\\/www.waldhaus-bettmeralp.ch\\\/en\\\/#website\"},\"primaryImageOfPage\":{\"@id\":\"https:\\\/\\\/www.waldhaus-bettmeralp.ch\\\/en\\\/feel-free_en\\\/cranio-sacral_en\\\/#primaryimage\"},\"image\":{\"@id\":\"https:\\\/\\\/www.waldhaus-bettmeralp.ch\\\/en\\\/feel-free_en\\\/cranio-sacral_en\\\/#primaryimage\"},\"thumbnailUrl\":\"http:\\\/\\\/www.waldhaus-bettmeralp.ch\\\/wp-content\\\/uploads\\\/2016\\\/09\\\/Cranio-Sacral-Kristin-225x300.jpg\",\"datePublished\":\"2016-09-20T14:12:35+00:00\",\"dateModified\":\"2017-07-11T10:49:18+00:00\",\"breadcrumb\":{\"@id\":\"https:\\\/\\\/www.waldhaus-bettmeralp.ch\\\/en\\\/feel-free_en\\\/cranio-sacral_en\\\/#breadcrumb\"},\"inLanguage\":\"en-US\",\"potentialAction\":[{\"@type\":\"ReadAction\",\"target\":[\"https:\\\/\\\/www.waldhaus-bettmeralp.ch\\\/en\\\/feel-free_en\\\/cranio-sacral_en\\\/\"]}]},{\"@type\":\"ImageObject\",\"inLanguage\":\"en-US\",\"@id\":\"https:\\\/\\\/www.waldhaus-bettmeralp.ch\\\/en\\\/feel-free_en\\\/cranio-sacral_en\\\/#primaryimage\",\"url\":\"http:\\\/\\\/www.waldhaus-bettmeralp.ch\\\/wp-content\\\/uploads\\\/2016\\\/09\\\/Cranio-Sacral-Kristin-225x300.jpg\",\"contentUrl\":\"http:\\\/\\\/www.waldhaus-bettmeralp.ch\\\/wp-content\\\/uploads\\\/2016\\\/09\\\/Cranio-Sacral-Kristin-225x300.jpg\"},{\"@type\":\"BreadcrumbList\",\"@id\":\"https:\\\/\\\/www.waldhaus-bettmeralp.ch\\\/en\\\/feel-free_en\\\/cranio-sacral_en\\\/#breadcrumb\",\"itemListElement\":[{\"@type\":\"ListItem\",\"position\":1,\"name\":\"Home\",\"item\":\"https:\\\/\\\/www.waldhaus-bettmeralp.ch\\\/en\\\/\"},{\"@type\":\"ListItem\",\"position\":2,\"name\":\"Feel Free\",\"item\":\"https:\\\/\\\/www.waldhaus-bettmeralp.ch\\\/en\\\/feel-free_en\\\/\"},{\"@type\":\"ListItem\",\"position\":3,\"name\":\"Cranio Sacral\"}]},{\"@type\":\"WebSite\",\"@id\":\"https:\\\/\\\/www.waldhaus-bettmeralp.ch\\\/en\\\/#website\",\"url\":\"https:\\\/\\\/www.waldhaus-bettmeralp.ch\\\/en\\\/\",\"name\":\"Waldh\u00fcs Gfl\u00fcschter\",\"description\":\"Hotel &amp; Restaurant Waldhaus in der Aletsch Arena\",\"publisher\":{\"@id\":\"https:\\\/\\\/www.waldhaus-bettmeralp.ch\\\/en\\\/#organization\"},\"potentialAction\":[{\"@type\":\"SearchAction\",\"target\":{\"@type\":\"EntryPoint\",\"urlTemplate\":\"https:\\\/\\\/www.waldhaus-bettmeralp.ch\\\/en\\\/?s={search_term_string}\"},\"query-input\":{\"@type\":\"PropertyValueSpecification\",\"valueRequired\":true,\"valueName\":\"search_term_string\"}}],\"inLanguage\":\"en-US\"},{\"@type\":\"Organization\",\"@id\":\"https:\\\/\\\/www.waldhaus-bettmeralp.ch\\\/en\\\/#organization\",\"name\":\"Hotel & Restaurant Waldhaus\",\"url\":\"https:\\\/\\\/www.waldhaus-bettmeralp.ch\\\/en\\\/\",\"logo\":{\"@type\":\"ImageObject\",\"inLanguage\":\"en-US\",\"@id\":\"https:\\\/\\\/www.waldhaus-bettmeralp.ch\\\/en\\\/#\\\/schema\\\/logo\\\/image\\\/\",\"url\":\"https:\\\/\\\/www.waldhaus-bettmeralp.ch\\\/wp-content\\\/uploads\\\/2015\\\/08\\\/Logo-W-neu--scaled.jpg\",\"contentUrl\":\"https:\\\/\\\/www.waldhaus-bettmeralp.ch\\\/wp-content\\\/uploads\\\/2015\\\/08\\\/Logo-W-neu--scaled.jpg\",\"width\":2560,\"height\":1506,\"caption\":\"Hotel & Restaurant Waldhaus\"},\"image\":{\"@id\":\"https:\\\/\\\/www.waldhaus-bettmeralp.ch\\\/en\\\/#\\\/schema\\\/logo\\\/image\\\/\"},\"sameAs\":[\"https:\\\/\\\/www.facebook.com\\\/FerienhotelWaldhaus\",\"https:\\\/\\\/x.com\\\/Hotel_Waldhaus\",\"https:\\\/\\\/instagram.com\\\/hotel_waldhaus\\\/\",\"https:\\\/\\\/de.pinterest.com\\\/hotelwaldhaus\\\/\"]}]}<\/script>\n<!-- \/ Yoast SEO plugin. -->","yoast_head_json":{"title":"Cranio Sacral - Waldh\u00fcs Gfl\u00fcschter","robots":{"index":"index","follow":"follow","max-snippet":"max-snippet:-1","max-image-preview":"max-image-preview:large","max-video-preview":"max-video-preview:-1"},"canonical":"https:\/\/www.waldhaus-bettmeralp.ch\/en\/feel-free_en\/cranio-sacral_en\/","og_locale":"en_US","og_type":"article","og_title":"Cranio Sacral - Waldh\u00fcs Gfl\u00fcschter","og_url":"https:\/\/www.waldhaus-bettmeralp.ch\/en\/feel-free_en\/cranio-sacral_en\/","og_site_name":"Waldh\u00fcs Gfl\u00fcschter","article_publisher":"https:\/\/www.facebook.com\/FerienhotelWaldhaus","article_modified_time":"2017-07-11T10:49:18+00:00","og_image":[{"url":"http:\/\/www.waldhaus-bettmeralp.ch\/wp-content\/uploads\/2016\/09\/Cranio-Sacral-Kristin-225x300.jpg","type":"","width":"","height":""}],"twitter_card":"summary_large_image","twitter_site":"@Hotel_Waldhaus","twitter_misc":{"Est. reading time":"3 minutes"},"schema":{"@context":"https:\/\/schema.org","@graph":[{"@type":"WebPage","@id":"https:\/\/www.waldhaus-bettmeralp.ch\/en\/feel-free_en\/cranio-sacral_en\/","url":"https:\/\/www.waldhaus-bettmeralp.ch\/en\/feel-free_en\/cranio-sacral_en\/","name":"Cranio Sacral - Waldh\u00fcs Gfl\u00fcschter","isPartOf":{"@id":"https:\/\/www.waldhaus-bettmeralp.ch\/en\/#website"},"primaryImageOfPage":{"@id":"https:\/\/www.waldhaus-bettmeralp.ch\/en\/feel-free_en\/cranio-sacral_en\/#primaryimage"},"image":{"@id":"https:\/\/www.waldhaus-bettmeralp.ch\/en\/feel-free_en\/cranio-sacral_en\/#primaryimage"},"thumbnailUrl":"http:\/\/www.waldhaus-bettmeralp.ch\/wp-content\/uploads\/2016\/09\/Cranio-Sacral-Kristin-225x300.jpg","datePublished":"2016-09-20T14:12:35+00:00","dateModified":"2017-07-11T10:49:18+00:00","breadcrumb":{"@id":"https:\/\/www.waldhaus-bettmeralp.ch\/en\/feel-free_en\/cranio-sacral_en\/#breadcrumb"},"inLanguage":"en-US","potentialAction":[{"@type":"ReadAction","target":["https:\/\/www.waldhaus-bettmeralp.ch\/en\/feel-free_en\/cranio-sacral_en\/"]}]},{"@type":"ImageObject","inLanguage":"en-US","@id":"https:\/\/www.waldhaus-bettmeralp.ch\/en\/feel-free_en\/cranio-sacral_en\/#primaryimage","url":"http:\/\/www.waldhaus-bettmeralp.ch\/wp-content\/uploads\/2016\/09\/Cranio-Sacral-Kristin-225x300.jpg","contentUrl":"http:\/\/www.waldhaus-bettmeralp.ch\/wp-content\/uploads\/2016\/09\/Cranio-Sacral-Kristin-225x300.jpg"},{"@type":"BreadcrumbList","@id":"https:\/\/www.waldhaus-bettmeralp.ch\/en\/feel-free_en\/cranio-sacral_en\/#breadcrumb","itemListElement":[{"@type":"ListItem","position":1,"name":"Home","item":"https:\/\/www.waldhaus-bettmeralp.ch\/en\/"},{"@type":"ListItem","position":2,"name":"Feel Free","item":"https:\/\/www.waldhaus-bettmeralp.ch\/en\/feel-free_en\/"},{"@type":"ListItem","position":3,"name":"Cranio Sacral"}]},{"@type":"WebSite","@id":"https:\/\/www.waldhaus-bettmeralp.ch\/en\/#website","url":"https:\/\/www.waldhaus-bettmeralp.ch\/en\/","name":"Waldh\u00fcs Gfl\u00fcschter","description":"Hotel &amp; Restaurant Waldhaus in der Aletsch Arena","publisher":{"@id":"https:\/\/www.waldhaus-bettmeralp.ch\/en\/#organization"},"potentialAction":[{"@type":"SearchAction","target":{"@type":"EntryPoint","urlTemplate":"https:\/\/www.waldhaus-bettmeralp.ch\/en\/?s={search_term_string}"},"query-input":{"@type":"PropertyValueSpecification","valueRequired":true,"valueName":"search_term_string"}}],"inLanguage":"en-US"},{"@type":"Organization","@id":"https:\/\/www.waldhaus-bettmeralp.ch\/en\/#organization","name":"Hotel & Restaurant Waldhaus","url":"https:\/\/www.waldhaus-bettmeralp.ch\/en\/","logo":{"@type":"ImageObject","inLanguage":"en-US","@id":"https:\/\/www.waldhaus-bettmeralp.ch\/en\/#\/schema\/logo\/image\/","url":"https:\/\/www.waldhaus-bettmeralp.ch\/wp-content\/uploads\/2015\/08\/Logo-W-neu--scaled.jpg","contentUrl":"https:\/\/www.waldhaus-bettmeralp.ch\/wp-content\/uploads\/2015\/08\/Logo-W-neu--scaled.jpg","width":2560,"height":1506,"caption":"Hotel & Restaurant Waldhaus"},"image":{"@id":"https:\/\/www.waldhaus-bettmeralp.ch\/en\/#\/schema\/logo\/image\/"},"sameAs":["https:\/\/www.facebook.com\/FerienhotelWaldhaus","https:\/\/x.com\/Hotel_Waldhaus","https:\/\/instagram.com\/hotel_waldhaus\/","https:\/\/de.pinterest.com\/hotelwaldhaus\/"]}]}},"_links":{"self":[{"href":"https:\/\/www.waldhaus-bettmeralp.ch\/en\/wp-json\/wp\/v2\/pages\/4239","targetHints":{"allow":["GET"]}}],"collection":[{"href":"https:\/\/www.waldhaus-bettmeralp.ch\/en\/wp-json\/wp\/v2\/pages"}],"about":[{"href":"https:\/\/www.waldhaus-bettmeralp.ch\/en\/wp-json\/wp\/v2\/types\/page"}],"author":[{"embeddable":true,"href":"https:\/\/www.waldhaus-bettmeralp.ch\/en\/wp-json\/wp\/v2\/users\/1"}],"replies":[{"embeddable":true,"href":"https:\/\/www.waldhaus-bettmeralp.ch\/en\/wp-json\/wp\/v2\/comments?post=4239"}],"version-history":[{"count":2,"href":"https:\/\/www.waldhaus-bettmeralp.ch\/en\/wp-json\/wp\/v2\/pages\/4239\/revisions"}],"predecessor-version":[{"id":4250,"href":"https:\/\/www.waldhaus-bettmeralp.ch\/en\/wp-json\/wp\/v2\/pages\/4239\/revisions\/4250"}],"up":[{"embeddable":true,"href":"https:\/\/www.waldhaus-bettmeralp.ch\/en\/wp-json\/wp\/v2\/pages\/4220"}],"wp:attachment":[{"href":"https:\/\/www.waldhaus-bettmeralp.ch\/en\/wp-json\/wp\/v2\/media?parent=4239"}],"curies":[{"name":"wp","href":"https:\/\/api.w.org\/{rel}","templated":true}]}}