{"id":1034,"date":"2015-08-16T07:12:10","date_gmt":"2015-08-16T07:12:10","guid":{"rendered":"http:\/\/www.waldhaus-bettmeralp.ch\/en\/enjoy\/fumoir\/"},"modified":"2017-06-05T22:23:20","modified_gmt":"2017-06-05T22:23:20","slug":"smoking-lounge","status":"publish","type":"page","link":"https:\/\/www.waldhaus-bettmeralp.ch\/en\/waldhaus_experience\/smoking-lounge\/","title":{"rendered":"Smoking Lounge"},"content":{"rendered":"<div class=\"fusion-fullwidth fullwidth-box fusion-builder-row-1 nonhundred-percent-fullwidth non-hundred-percent-height-scrolling\" style=\"background-color: rgba(255,255,255,0);background-position: left top;background-repeat: no-repeat;padding-top:0px;padding-right:0px;padding-bottom:0px;padding-left:0px;margin-bottom: 0px;margin-top: 0px;border-width: 0px 0px 0px 0px;border-color:#eae9e9;border-style:solid;\" ><div class=\"fusion-builder-row fusion-row\"><div class=\"fusion-layout-column fusion_builder_column fusion-builder-column-0 fusion_builder_column_1_1 1_1 fusion-one-full fusion-column-first fusion-column-last fusion-column-no-min-height\" style=\"margin-top:0px;margin-bottom:0px;\"><div class=\"fusion-column-wrapper fusion-flex-column-wrapper-legacy\" style=\"background-position:left top;background-repeat:no-repeat;-webkit-background-size:cover;-moz-background-size:cover;-o-background-size:cover;background-size:cover;padding: 0px 0px 0px 0px;\"><div class=\"fusion-text fusion-text-1\"><p style=\"letter-spacing: 4px; font-size: 13px; text-align: center; margin-bottom: 0px;\">Experience Waldhaus<\/p>\n<h1 style=\"text-align: center;\">Smoking Lounge<\/h1>\n<\/div><div class=\"fusion-clearfix\"><\/div><\/div><\/div><div class=\"fusion-layout-column fusion_builder_column fusion-builder-column-1 fusion_builder_column_1_4 1_4 fusion-one-fourth fusion-column-first\" style=\"width:22%; margin-right: 4%;margin-top:0px;margin-bottom:20px;\"><div class=\"fusion-column-wrapper fusion-flex-column-wrapper-legacy\" style=\"background-position:left top;background-repeat:no-repeat;-webkit-background-size:cover;-moz-background-size:cover;-o-background-size:cover;background-size:cover;padding: 0px 0px 0px 0px;\"><style type=\"text\/css\"><\/style><div class=\"fusion-title title fusion-title-1 fusion-sep-none fusion-title-text fusion-title-size-three\" style=\"margin-top:0px;margin-right:0px;margin-bottom:31px;margin-left:0px;\"><h3 class=\"title-heading-left fusion-responsive-typography-calculated\" style=\"margin:0;--fontSize:24;line-height:1.5;\">\u201dAnother DRINK in the wall\u201d<\/h3><\/div><div class=\"fusion-text fusion-text-2\"><p>Not just for the smoker&#8217;s, all music fans will feel nostalgic in our well ventilated smoking lounge, listening to classic rock tunes.<\/p>\n<\/div><div class=\"fusion-clearfix\"><\/div><\/div><\/div><div class=\"fusion-layout-column fusion_builder_column fusion-builder-column-2 fusion_builder_column_1_2 1_2 fusion-one-half\" style=\"width:48%; margin-right: 4%;margin-top:0px;margin-bottom:20px;\"><div class=\"fusion-column-wrapper fusion-flex-column-wrapper-legacy\" style=\"background-position:left top;background-repeat:no-repeat;-webkit-background-size:cover;-moz-background-size:cover;-o-background-size:cover;background-size:cover;padding: 0px 0px 0px 0px;\"><span class=\" fusion-imageframe imageframe-none imageframe-1 hover-type-none\"><img decoding=\"async\" alt=\"Fumoir\" src=\"http:\/\/www.waldhaus-bettmeralp.ch\/wp-content\/uploads\/2015\/08\/Another-brick-in-the-wall.jpg\" class=\"img-responsive\"\/><\/span><div class=\"fusion-clearfix\"><\/div><\/div><\/div><div class=\"fusion-layout-column fusion_builder_column fusion-builder-column-3 fusion_builder_column_1_4 1_4 fusion-one-fourth fusion-column-last\" style=\"width:22%;margin-top:0px;margin-bottom:20px;\"><div class=\"fusion-column-wrapper fusion-flex-column-wrapper-legacy\" style=\"background-position:left top;background-repeat:no-repeat;-webkit-background-size:cover;-moz-background-size:cover;-o-background-size:cover;background-size:cover;padding: 0px 0px 0px 0px;\"><div class=\"fusion-text fusion-text-3\"><p>Rolling Stones. Pink Floyd. Eric Clapton. Yes. Janis Joplin. Jethro Tull. Beatles. David Bowie. The Who. Gianna Nannini. Rick Wakeman. Bob Dylan. Neil Young. Deep Purple. The Doors. Supertramp. Jefferson Airplane. Led Zeppelin. The Mamas &amp; The Papas. Roy Thomas. John Lennon. Bob Marley. Peter Gabriel. Cat Stevens. Graham Nash. Crosby. Siman and Garfunkel. Clapton, Beck and Page&#8230;<\/p>\n<\/div><div class=\"fusion-clearfix\"><\/div><\/div><\/div><\/div><\/div>\n","protected":false},"excerpt":{"rendered":"","protected":false},"author":1,"featured_media":0,"parent":1015,"menu_order":0,"comment_status":"open","ping_status":"open","template":"","meta":{"ngg_post_thumbnail":0,"footnotes":""},"class_list":["post-1034","page","type-page","status-publish","hentry"],"yoast_head":"<!-- This site is optimized with the Yoast SEO plugin v27.3 - https:\/\/yoast.com\/product\/yoast-seo-wordpress\/ -->\n<title>Smoking Lounge - Waldh\u00fcs Gfl\u00fcschter<\/title>\n<meta name=\"description\" content=\"Unser kleines und gut bel\u00fcftetes Fumoir l\u00e4sst die Herzen nostalgischer Musikfans h\u00f6her schlagen. Geniessen Sie Ihre Zigaretten in unserer Smoker&#039;s Lounge.\" \/>\n<meta name=\"robots\" content=\"index, follow, max-snippet:-1, max-image-preview:large, max-video-preview:-1\" \/>\n<link rel=\"canonical\" href=\"https:\/\/www.waldhaus-bettmeralp.ch\/en\/waldhaus_experience\/smoking-lounge\/\" \/>\n<meta property=\"og:locale\" content=\"en_US\" \/>\n<meta property=\"og:type\" content=\"article\" \/>\n<meta property=\"og:title\" content=\"Smoking Lounge - Waldh\u00fcs Gfl\u00fcschter\" \/>\n<meta property=\"og:description\" content=\"Unser kleines und gut bel\u00fcftetes Fumoir l\u00e4sst die Herzen nostalgischer Musikfans h\u00f6her schlagen. Geniessen Sie Ihre Zigaretten in unserer Smoker&#039;s Lounge.\" \/>\n<meta property=\"og:url\" content=\"https:\/\/www.waldhaus-bettmeralp.ch\/en\/waldhaus_experience\/smoking-lounge\/\" \/>\n<meta property=\"og:site_name\" content=\"Waldh\u00fcs Gfl\u00fcschter\" \/>\n<meta property=\"article:publisher\" content=\"https:\/\/www.facebook.com\/FerienhotelWaldhaus\" \/>\n<meta property=\"article:modified_time\" content=\"2017-06-05T22:23:20+00:00\" \/>\n<meta property=\"og:image\" content=\"http:\/\/www.waldhaus-bettmeralp.ch\/wp-content\/uploads\/2015\/08\/Another-brick-in-the-wall.jpg\" \/>\n<meta name=\"twitter:card\" content=\"summary_large_image\" \/>\n<meta name=\"twitter:site\" content=\"@Hotel_Waldhaus\" \/>\n<meta name=\"twitter:label1\" content=\"Est. reading time\" \/>\n\t<meta name=\"twitter:data1\" content=\"2 minutes\" \/>\n<script type=\"application\/ld+json\" class=\"yoast-schema-graph\">{\"@context\":\"https:\\\/\\\/schema.org\",\"@graph\":[{\"@type\":\"WebPage\",\"@id\":\"https:\\\/\\\/www.waldhaus-bettmeralp.ch\\\/en\\\/waldhaus_experience\\\/smoking-lounge\\\/\",\"url\":\"https:\\\/\\\/www.waldhaus-bettmeralp.ch\\\/en\\\/waldhaus_experience\\\/smoking-lounge\\\/\",\"name\":\"Smoking Lounge - Waldh\u00fcs Gfl\u00fcschter\",\"isPartOf\":{\"@id\":\"https:\\\/\\\/www.waldhaus-bettmeralp.ch\\\/en\\\/#website\"},\"primaryImageOfPage\":{\"@id\":\"https:\\\/\\\/www.waldhaus-bettmeralp.ch\\\/en\\\/waldhaus_experience\\\/smoking-lounge\\\/#primaryimage\"},\"image\":{\"@id\":\"https:\\\/\\\/www.waldhaus-bettmeralp.ch\\\/en\\\/waldhaus_experience\\\/smoking-lounge\\\/#primaryimage\"},\"thumbnailUrl\":\"http:\\\/\\\/www.waldhaus-bettmeralp.ch\\\/wp-content\\\/uploads\\\/2015\\\/08\\\/Another-brick-in-the-wall.jpg\",\"datePublished\":\"2015-08-16T07:12:10+00:00\",\"dateModified\":\"2017-06-05T22:23:20+00:00\",\"description\":\"Unser kleines und gut bel\u00fcftetes Fumoir l\u00e4sst die Herzen nostalgischer Musikfans h\u00f6her schlagen. Geniessen Sie Ihre Zigaretten in unserer Smoker's Lounge.\",\"breadcrumb\":{\"@id\":\"https:\\\/\\\/www.waldhaus-bettmeralp.ch\\\/en\\\/waldhaus_experience\\\/smoking-lounge\\\/#breadcrumb\"},\"inLanguage\":\"en-US\",\"potentialAction\":[{\"@type\":\"ReadAction\",\"target\":[\"https:\\\/\\\/www.waldhaus-bettmeralp.ch\\\/en\\\/waldhaus_experience\\\/smoking-lounge\\\/\"]}]},{\"@type\":\"ImageObject\",\"inLanguage\":\"en-US\",\"@id\":\"https:\\\/\\\/www.waldhaus-bettmeralp.ch\\\/en\\\/waldhaus_experience\\\/smoking-lounge\\\/#primaryimage\",\"url\":\"http:\\\/\\\/www.waldhaus-bettmeralp.ch\\\/wp-content\\\/uploads\\\/2015\\\/08\\\/Another-brick-in-the-wall.jpg\",\"contentUrl\":\"http:\\\/\\\/www.waldhaus-bettmeralp.ch\\\/wp-content\\\/uploads\\\/2015\\\/08\\\/Another-brick-in-the-wall.jpg\"},{\"@type\":\"BreadcrumbList\",\"@id\":\"https:\\\/\\\/www.waldhaus-bettmeralp.ch\\\/en\\\/waldhaus_experience\\\/smoking-lounge\\\/#breadcrumb\",\"itemListElement\":[{\"@type\":\"ListItem\",\"position\":1,\"name\":\"Home\",\"item\":\"https:\\\/\\\/www.waldhaus-bettmeralp.ch\\\/en\\\/\"},{\"@type\":\"ListItem\",\"position\":2,\"name\":\"Waldhaus Experience\",\"item\":\"https:\\\/\\\/www.waldhaus-bettmeralp.ch\\\/en\\\/waldhaus_experience\\\/\"},{\"@type\":\"ListItem\",\"position\":3,\"name\":\"Smoking Lounge\"}]},{\"@type\":\"WebSite\",\"@id\":\"https:\\\/\\\/www.waldhaus-bettmeralp.ch\\\/en\\\/#website\",\"url\":\"https:\\\/\\\/www.waldhaus-bettmeralp.ch\\\/en\\\/\",\"name\":\"Waldh\u00fcs Gfl\u00fcschter\",\"description\":\"Hotel &amp; Restaurant Waldhaus in der Aletsch Arena\",\"publisher\":{\"@id\":\"https:\\\/\\\/www.waldhaus-bettmeralp.ch\\\/en\\\/#organization\"},\"potentialAction\":[{\"@type\":\"SearchAction\",\"target\":{\"@type\":\"EntryPoint\",\"urlTemplate\":\"https:\\\/\\\/www.waldhaus-bettmeralp.ch\\\/en\\\/?s={search_term_string}\"},\"query-input\":{\"@type\":\"PropertyValueSpecification\",\"valueRequired\":true,\"valueName\":\"search_term_string\"}}],\"inLanguage\":\"en-US\"},{\"@type\":\"Organization\",\"@id\":\"https:\\\/\\\/www.waldhaus-bettmeralp.ch\\\/en\\\/#organization\",\"name\":\"Hotel & Restaurant Waldhaus\",\"url\":\"https:\\\/\\\/www.waldhaus-bettmeralp.ch\\\/en\\\/\",\"logo\":{\"@type\":\"ImageObject\",\"inLanguage\":\"en-US\",\"@id\":\"https:\\\/\\\/www.waldhaus-bettmeralp.ch\\\/en\\\/#\\\/schema\\\/logo\\\/image\\\/\",\"url\":\"https:\\\/\\\/www.waldhaus-bettmeralp.ch\\\/wp-content\\\/uploads\\\/2015\\\/08\\\/Logo-W-neu--scaled.jpg\",\"contentUrl\":\"https:\\\/\\\/www.waldhaus-bettmeralp.ch\\\/wp-content\\\/uploads\\\/2015\\\/08\\\/Logo-W-neu--scaled.jpg\",\"width\":2560,\"height\":1506,\"caption\":\"Hotel & Restaurant Waldhaus\"},\"image\":{\"@id\":\"https:\\\/\\\/www.waldhaus-bettmeralp.ch\\\/en\\\/#\\\/schema\\\/logo\\\/image\\\/\"},\"sameAs\":[\"https:\\\/\\\/www.facebook.com\\\/FerienhotelWaldhaus\",\"https:\\\/\\\/x.com\\\/Hotel_Waldhaus\",\"https:\\\/\\\/instagram.com\\\/hotel_waldhaus\\\/\",\"https:\\\/\\\/de.pinterest.com\\\/hotelwaldhaus\\\/\"]}]}<\/script>\n<!-- \/ Yoast SEO plugin. -->","yoast_head_json":{"title":"Smoking Lounge - Waldh\u00fcs Gfl\u00fcschter","description":"Unser kleines und gut bel\u00fcftetes Fumoir l\u00e4sst die Herzen nostalgischer Musikfans h\u00f6her schlagen. Geniessen Sie Ihre Zigaretten in unserer Smoker's Lounge.","robots":{"index":"index","follow":"follow","max-snippet":"max-snippet:-1","max-image-preview":"max-image-preview:large","max-video-preview":"max-video-preview:-1"},"canonical":"https:\/\/www.waldhaus-bettmeralp.ch\/en\/waldhaus_experience\/smoking-lounge\/","og_locale":"en_US","og_type":"article","og_title":"Smoking Lounge - Waldh\u00fcs Gfl\u00fcschter","og_description":"Unser kleines und gut bel\u00fcftetes Fumoir l\u00e4sst die Herzen nostalgischer Musikfans h\u00f6her schlagen. Geniessen Sie Ihre Zigaretten in unserer Smoker's Lounge.","og_url":"https:\/\/www.waldhaus-bettmeralp.ch\/en\/waldhaus_experience\/smoking-lounge\/","og_site_name":"Waldh\u00fcs Gfl\u00fcschter","article_publisher":"https:\/\/www.facebook.com\/FerienhotelWaldhaus","article_modified_time":"2017-06-05T22:23:20+00:00","og_image":[{"url":"http:\/\/www.waldhaus-bettmeralp.ch\/wp-content\/uploads\/2015\/08\/Another-brick-in-the-wall.jpg","type":"","width":"","height":""}],"twitter_card":"summary_large_image","twitter_site":"@Hotel_Waldhaus","twitter_misc":{"Est. reading time":"2 minutes"},"schema":{"@context":"https:\/\/schema.org","@graph":[{"@type":"WebPage","@id":"https:\/\/www.waldhaus-bettmeralp.ch\/en\/waldhaus_experience\/smoking-lounge\/","url":"https:\/\/www.waldhaus-bettmeralp.ch\/en\/waldhaus_experience\/smoking-lounge\/","name":"Smoking Lounge - Waldh\u00fcs Gfl\u00fcschter","isPartOf":{"@id":"https:\/\/www.waldhaus-bettmeralp.ch\/en\/#website"},"primaryImageOfPage":{"@id":"https:\/\/www.waldhaus-bettmeralp.ch\/en\/waldhaus_experience\/smoking-lounge\/#primaryimage"},"image":{"@id":"https:\/\/www.waldhaus-bettmeralp.ch\/en\/waldhaus_experience\/smoking-lounge\/#primaryimage"},"thumbnailUrl":"http:\/\/www.waldhaus-bettmeralp.ch\/wp-content\/uploads\/2015\/08\/Another-brick-in-the-wall.jpg","datePublished":"2015-08-16T07:12:10+00:00","dateModified":"2017-06-05T22:23:20+00:00","description":"Unser kleines und gut bel\u00fcftetes Fumoir l\u00e4sst die Herzen nostalgischer Musikfans h\u00f6her schlagen. Geniessen Sie Ihre Zigaretten in unserer Smoker's Lounge.","breadcrumb":{"@id":"https:\/\/www.waldhaus-bettmeralp.ch\/en\/waldhaus_experience\/smoking-lounge\/#breadcrumb"},"inLanguage":"en-US","potentialAction":[{"@type":"ReadAction","target":["https:\/\/www.waldhaus-bettmeralp.ch\/en\/waldhaus_experience\/smoking-lounge\/"]}]},{"@type":"ImageObject","inLanguage":"en-US","@id":"https:\/\/www.waldhaus-bettmeralp.ch\/en\/waldhaus_experience\/smoking-lounge\/#primaryimage","url":"http:\/\/www.waldhaus-bettmeralp.ch\/wp-content\/uploads\/2015\/08\/Another-brick-in-the-wall.jpg","contentUrl":"http:\/\/www.waldhaus-bettmeralp.ch\/wp-content\/uploads\/2015\/08\/Another-brick-in-the-wall.jpg"},{"@type":"BreadcrumbList","@id":"https:\/\/www.waldhaus-bettmeralp.ch\/en\/waldhaus_experience\/smoking-lounge\/#breadcrumb","itemListElement":[{"@type":"ListItem","position":1,"name":"Home","item":"https:\/\/www.waldhaus-bettmeralp.ch\/en\/"},{"@type":"ListItem","position":2,"name":"Waldhaus Experience","item":"https:\/\/www.waldhaus-bettmeralp.ch\/en\/waldhaus_experience\/"},{"@type":"ListItem","position":3,"name":"Smoking Lounge"}]},{"@type":"WebSite","@id":"https:\/\/www.waldhaus-bettmeralp.ch\/en\/#website","url":"https:\/\/www.waldhaus-bettmeralp.ch\/en\/","name":"Waldh\u00fcs Gfl\u00fcschter","description":"Hotel &amp; Restaurant Waldhaus in der Aletsch Arena","publisher":{"@id":"https:\/\/www.waldhaus-bettmeralp.ch\/en\/#organization"},"potentialAction":[{"@type":"SearchAction","target":{"@type":"EntryPoint","urlTemplate":"https:\/\/www.waldhaus-bettmeralp.ch\/en\/?s={search_term_string}"},"query-input":{"@type":"PropertyValueSpecification","valueRequired":true,"valueName":"search_term_string"}}],"inLanguage":"en-US"},{"@type":"Organization","@id":"https:\/\/www.waldhaus-bettmeralp.ch\/en\/#organization","name":"Hotel & Restaurant Waldhaus","url":"https:\/\/www.waldhaus-bettmeralp.ch\/en\/","logo":{"@type":"ImageObject","inLanguage":"en-US","@id":"https:\/\/www.waldhaus-bettmeralp.ch\/en\/#\/schema\/logo\/image\/","url":"https:\/\/www.waldhaus-bettmeralp.ch\/wp-content\/uploads\/2015\/08\/Logo-W-neu--scaled.jpg","contentUrl":"https:\/\/www.waldhaus-bettmeralp.ch\/wp-content\/uploads\/2015\/08\/Logo-W-neu--scaled.jpg","width":2560,"height":1506,"caption":"Hotel & Restaurant Waldhaus"},"image":{"@id":"https:\/\/www.waldhaus-bettmeralp.ch\/en\/#\/schema\/logo\/image\/"},"sameAs":["https:\/\/www.facebook.com\/FerienhotelWaldhaus","https:\/\/x.com\/Hotel_Waldhaus","https:\/\/instagram.com\/hotel_waldhaus\/","https:\/\/de.pinterest.com\/hotelwaldhaus\/"]}]}},"_links":{"self":[{"href":"https:\/\/www.waldhaus-bettmeralp.ch\/en\/wp-json\/wp\/v2\/pages\/1034","targetHints":{"allow":["GET"]}}],"collection":[{"href":"https:\/\/www.waldhaus-bettmeralp.ch\/en\/wp-json\/wp\/v2\/pages"}],"about":[{"href":"https:\/\/www.waldhaus-bettmeralp.ch\/en\/wp-json\/wp\/v2\/types\/page"}],"author":[{"embeddable":true,"href":"https:\/\/www.waldhaus-bettmeralp.ch\/en\/wp-json\/wp\/v2\/users\/1"}],"replies":[{"embeddable":true,"href":"https:\/\/www.waldhaus-bettmeralp.ch\/en\/wp-json\/wp\/v2\/comments?post=1034"}],"version-history":[{"count":11,"href":"https:\/\/www.waldhaus-bettmeralp.ch\/en\/wp-json\/wp\/v2\/pages\/1034\/revisions"}],"predecessor-version":[{"id":2190,"href":"https:\/\/www.waldhaus-bettmeralp.ch\/en\/wp-json\/wp\/v2\/pages\/1034\/revisions\/2190"}],"up":[{"embeddable":true,"href":"https:\/\/www.waldhaus-bettmeralp.ch\/en\/wp-json\/wp\/v2\/pages\/1015"}],"wp:attachment":[{"href":"https:\/\/www.waldhaus-bettmeralp.ch\/en\/wp-json\/wp\/v2\/media?parent=1034"}],"curies":[{"name":"wp","href":"https:\/\/api.w.org\/{rel}","templated":true}]}}